{"id":16,"date":"2023-11-01T07:44:50","date_gmt":"2023-11-01T11:44:50","guid":{"rendered":"https:\/\/beyondetfspro.com\/?page_id=16"},"modified":"2024-10-13T16:03:35","modified_gmt":"2024-10-13T20:03:35","slug":"how-we-pick-them","status":"publish","type":"page","link":"https:\/\/beyondetfspro.com\/de\/how-we-pick-them\/","title":{"rendered":"Wie wir sie ausw\u00e4hlen"},"content":{"rendered":"<p>Wir verwenden das \"Kursmomentum\" - ein Ma\u00df f\u00fcr den Geldfluss in und aus diesen Aktien und wie dieser Fluss im Vergleich zur Vergangenheit ist. \u00a0<\/p>\n<blockquote>\n<p><em>Untersuchungen zeigen, dass eine Aktie, deren Kurs in den letzten sechs bis zw\u00f6lf Monaten gestiegen ist, in den n\u00e4chsten sechs bis zw\u00f6lf Monaten wahrscheinlich weiter steigen wird. Ebenso wird eine Aktie, deren Kurs in den letzten sechs bis zw\u00f6lf Monaten gesunken ist, in den n\u00e4chsten sechs bis zw\u00f6lf Monaten wahrscheinlich weiter fallen. <\/em><\/p>\n<\/blockquote>\n<p>Wir berechnen die Kursdynamik und ordnen dann die S&amp;P 100 Aktien in einer Rangfolge von der h\u00f6chsten bis zur niedrigsten Kursdynamik. Wir haben uns f\u00fcr den S&amp;P 100 entschieden, weil es sich dabei um die gr\u00f6\u00dften und besten Unternehmen Amerikas (und wahrscheinlich der Welt) handelt. Die Finanzstandards und -vorschriften, denen sie unterliegen, sind der strengste Schutz f\u00fcr Kleinanleger \u00fcberhaupt. Sie sind gut gef\u00fchrt und gut kapitalisiert. Sie sind in ihren jeweiligen Branchen f\u00fchrend. Sie sind bekannte Marken - Sie kennen jeden einzelnen von ihnen.<\/p>\n<p>Dann unterteilen wir das Angebot in drei Zonen - die Kaufzone, die Nicht-mehr-kaufen-Zone und die Vermeiden-Zone. Die Grenze zwischen der Zone \"Nicht mehr kaufen\" und der Zone \"Vermeiden\" ist die Verkaufsschwelle.\u00a0<\/p>\n<p>Erstmalige Nutzer kaufen die Aktien in der Kaufzone. Im Laufe der Zeit sto\u00dfen die Aktien mit ihren Konkurrenten im Index zusammen, und die Kurse bewegen sich nach oben und unten, ebenso wie die Kursdynamik der Aktien. Schlie\u00dflich f\u00e4llt die Aktie in die Vermeidungszone. An diesem Punkt signalisieren wir allen unseren Abonnenten, die diese Aktie besitzen, dass es an der Zeit ist, diese Aktie zu verkaufen.\u00a0<\/p>\n<p>Sie verkaufen sie, entfernen die Tracking-Referenz aus der App und kaufen dann die n\u00e4chsth\u00f6here Aktie in der Kaufzone, die sie noch nicht besitzen.<\/p>\n<p>Dies ist der Kern von Beyond ETFs Pro und der Grund, warum wir sagen, dass die Zukunft des Investierens hier ist. Sie haben die volle Kontrolle \u00fcber Ihre finanzielle Zukunft.\u00a0<\/p>\n<p>Es funktioniert. Und sie funktioniert wirklich gut. Die Brockmann-Methode hat bei sorgf\u00e4ltiger Anwendung seit 2007 (bis Oktober 2024) nachweislich eine Rendite erzielt, die 7-mal h\u00f6her ist als die des S&amp;P 100.<\/p>\n<p>BeyondETFs ist eine regelbasierte, bew\u00e4hrte und elegante Methodik, um den Index zu schlagen. Die richtige Aktie zu kaufen ist nur die eine H\u00e4lfte der Erfolgsgleichung.  Zu wissen, wann man verkaufen muss, ist die andere.  Unsere Abonnenten lernen BEIDES mit Beyond ETFs Pro.<\/p>\n\n\n<p><\/p>","protected":false},"excerpt":{"rendered":"<p>Wir verwenden das \"Kursmomentum\" - ein Ma\u00df f\u00fcr den Geldfluss in und aus diesen Aktien und wie dieser Fluss im Vergleich zur Vergangenheit ist.   Die Forschung zeigt, dass eine Aktie, die in den letzten sechs bis zw\u00f6lf Monaten im Preis gestiegen ist, wahrscheinlich auch in den n\u00e4chsten Monaten weiter steigen wird [...]<\/p>","protected":false},"author":2,"featured_media":0,"parent":0,"menu_order":0,"comment_status":"closed","ping_status":"closed","template":"","meta":{"footnotes":""},"class_list":["post-16","page","type-page","status-publish","hentry"],"yoast_head":"<!-- This site is optimized with the Yoast SEO Premium plugin v23.8 (Yoast SEO v26.7) - https:\/\/yoast.com\/wordpress\/plugins\/seo\/ -->\n<title>How We Pick Them - Beyond ETFs Pro<\/title>\n<meta name=\"robots\" content=\"index, follow, max-snippet:-1, max-image-preview:large, max-video-preview:-1\" \/>\n<link rel=\"canonical\" href=\"https:\/\/beyondetfspro.com\/de\/how-we-pick-them\/\" \/>\n<meta property=\"og:locale\" content=\"de_DE\" \/>\n<meta property=\"og:type\" content=\"article\" \/>\n<meta property=\"og:title\" content=\"How We Pick Them\" \/>\n<meta property=\"og:description\" content=\"We use \u201cPrice Momentum\u201d \u2013 a measure of the flow of money into and out of these stocks and how that flow compares to the past. \u00a0 Research shows a stock that has been increasing in price over the last six to twelve months is likely to continue to increase in price over the next [&hellip;]\" \/>\n<meta property=\"og:url\" content=\"https:\/\/beyondetfspro.com\/de\/how-we-pick-them\/\" \/>\n<meta property=\"og:site_name\" content=\"Beyond ETFs Pro\" \/>\n<meta property=\"article:modified_time\" content=\"2024-10-13T20:03:35+00:00\" \/>\n<meta name=\"twitter:card\" content=\"summary_large_image\" \/>\n<meta name=\"twitter:label1\" content=\"Gesch\u00e4tzte Lesezeit\" \/>\n\t<meta name=\"twitter:data1\" content=\"2\u00a0Minuten\" \/>\n<script type=\"application\/ld+json\" class=\"yoast-schema-graph\">{\"@context\":\"https:\/\/schema.org\",\"@graph\":[{\"@type\":\"WebPage\",\"@id\":\"https:\/\/beyondetfspro.com\/how-we-pick-them\/\",\"url\":\"https:\/\/beyondetfspro.com\/how-we-pick-them\/\",\"name\":\"How We Pick Them - Beyond ETFs Pro\",\"isPartOf\":{\"@id\":\"https:\/\/beyondetfspro.com\/#website\"},\"datePublished\":\"2023-11-01T11:44:50+00:00\",\"dateModified\":\"2024-10-13T20:03:35+00:00\",\"breadcrumb\":{\"@id\":\"https:\/\/beyondetfspro.com\/how-we-pick-them\/#breadcrumb\"},\"inLanguage\":\"de\",\"potentialAction\":[{\"@type\":\"ReadAction\",\"target\":[\"https:\/\/beyondetfspro.com\/how-we-pick-them\/\"]}]},{\"@type\":\"BreadcrumbList\",\"@id\":\"https:\/\/beyondetfspro.com\/how-we-pick-them\/#breadcrumb\",\"itemListElement\":[{\"@type\":\"ListItem\",\"position\":1,\"name\":\"Home\",\"item\":\"https:\/\/beyondetfspro.com\/\"},{\"@type\":\"ListItem\",\"position\":2,\"name\":\"How We Pick Them\"}]},{\"@type\":\"WebSite\",\"@id\":\"https:\/\/beyondetfspro.com\/#website\",\"url\":\"https:\/\/beyondetfspro.com\/\",\"name\":\"Beyond ETFs Pro\",\"description\":\"The future of Investing is here...\",\"publisher\":{\"@id\":\"https:\/\/beyondetfspro.com\/#organization\"},\"potentialAction\":[{\"@type\":\"SearchAction\",\"target\":{\"@type\":\"EntryPoint\",\"urlTemplate\":\"https:\/\/beyondetfspro.com\/?s={search_term_string}\"},\"query-input\":{\"@type\":\"PropertyValueSpecification\",\"valueRequired\":true,\"valueName\":\"search_term_string\"}}],\"inLanguage\":\"de\"},{\"@type\":\"Organization\",\"@id\":\"https:\/\/beyondetfspro.com\/#organization\",\"name\":\"Beyond ETFs Pro\",\"url\":\"https:\/\/beyondetfspro.com\/\",\"logo\":{\"@type\":\"ImageObject\",\"inLanguage\":\"de\",\"@id\":\"https:\/\/beyondetfspro.com\/#\/schema\/logo\/image\/\",\"url\":\"https:\/\/beyondetfspro.com\/wp-content\/uploads\/2023\/11\/logo2.png\",\"contentUrl\":\"https:\/\/beyondetfspro.com\/wp-content\/uploads\/2023\/11\/logo2.png\",\"width\":1024,\"height\":1024,\"caption\":\"Beyond ETFs Pro\"},\"image\":{\"@id\":\"https:\/\/beyondetfspro.com\/#\/schema\/logo\/image\/\"},\"sameAs\":[\"https:\/\/www.linkedin.com\/in\/peterbrockmann\/\",\"https:\/\/www.linkedin.com\/in\/wilfred-brockmann-mba-fin-fcsi-b853621a\/\"]}]}<\/script>\n<!-- \/ Yoast SEO Premium plugin. -->","yoast_head_json":{"title":"How We Pick Them - Beyond ETFs Pro","robots":{"index":"index","follow":"follow","max-snippet":"max-snippet:-1","max-image-preview":"max-image-preview:large","max-video-preview":"max-video-preview:-1"},"canonical":"https:\/\/beyondetfspro.com\/de\/how-we-pick-them\/","og_locale":"de_DE","og_type":"article","og_title":"How We Pick Them","og_description":"We use \u201cPrice Momentum\u201d \u2013 a measure of the flow of money into and out of these stocks and how that flow compares to the past. \u00a0 Research shows a stock that has been increasing in price over the last six to twelve months is likely to continue to increase in price over the next [&hellip;]","og_url":"https:\/\/beyondetfspro.com\/de\/how-we-pick-them\/","og_site_name":"Beyond ETFs Pro","article_modified_time":"2024-10-13T20:03:35+00:00","twitter_card":"summary_large_image","twitter_misc":{"Gesch\u00e4tzte Lesezeit":"2\u00a0Minuten"},"schema":{"@context":"https:\/\/schema.org","@graph":[{"@type":"WebPage","@id":"https:\/\/beyondetfspro.com\/how-we-pick-them\/","url":"https:\/\/beyondetfspro.com\/how-we-pick-them\/","name":"How We Pick Them - Beyond ETFs Pro","isPartOf":{"@id":"https:\/\/beyondetfspro.com\/#website"},"datePublished":"2023-11-01T11:44:50+00:00","dateModified":"2024-10-13T20:03:35+00:00","breadcrumb":{"@id":"https:\/\/beyondetfspro.com\/how-we-pick-them\/#breadcrumb"},"inLanguage":"de","potentialAction":[{"@type":"ReadAction","target":["https:\/\/beyondetfspro.com\/how-we-pick-them\/"]}]},{"@type":"BreadcrumbList","@id":"https:\/\/beyondetfspro.com\/how-we-pick-them\/#breadcrumb","itemListElement":[{"@type":"ListItem","position":1,"name":"Home","item":"https:\/\/beyondetfspro.com\/"},{"@type":"ListItem","position":2,"name":"How We Pick Them"}]},{"@type":"WebSite","@id":"https:\/\/beyondetfspro.com\/#website","url":"https:\/\/beyondetfspro.com\/","name":"Jenseits von ETFs Pro","description":"Die Zukunft des Investierens ist da...","publisher":{"@id":"https:\/\/beyondetfspro.com\/#organization"},"potentialAction":[{"@type":"SearchAction","target":{"@type":"EntryPoint","urlTemplate":"https:\/\/beyondetfspro.com\/?s={search_term_string}"},"query-input":{"@type":"PropertyValueSpecification","valueRequired":true,"valueName":"search_term_string"}}],"inLanguage":"de"},{"@type":"Organization","@id":"https:\/\/beyondetfspro.com\/#organization","name":"Jenseits von ETFs Pro","url":"https:\/\/beyondetfspro.com\/","logo":{"@type":"ImageObject","inLanguage":"de","@id":"https:\/\/beyondetfspro.com\/#\/schema\/logo\/image\/","url":"https:\/\/beyondetfspro.com\/wp-content\/uploads\/2023\/11\/logo2.png","contentUrl":"https:\/\/beyondetfspro.com\/wp-content\/uploads\/2023\/11\/logo2.png","width":1024,"height":1024,"caption":"Beyond ETFs Pro"},"image":{"@id":"https:\/\/beyondetfspro.com\/#\/schema\/logo\/image\/"},"sameAs":["https:\/\/www.linkedin.com\/in\/peterbrockmann\/","https:\/\/www.linkedin.com\/in\/wilfred-brockmann-mba-fin-fcsi-b853621a\/"]}]}},"_links":{"self":[{"href":"https:\/\/beyondetfspro.com\/de\/wp-json\/wp\/v2\/pages\/16","targetHints":{"allow":["GET"]}}],"collection":[{"href":"https:\/\/beyondetfspro.com\/de\/wp-json\/wp\/v2\/pages"}],"about":[{"href":"https:\/\/beyondetfspro.com\/de\/wp-json\/wp\/v2\/types\/page"}],"author":[{"embeddable":true,"href":"https:\/\/beyondetfspro.com\/de\/wp-json\/wp\/v2\/users\/2"}],"replies":[{"embeddable":true,"href":"https:\/\/beyondetfspro.com\/de\/wp-json\/wp\/v2\/comments?post=16"}],"version-history":[{"count":29,"href":"https:\/\/beyondetfspro.com\/de\/wp-json\/wp\/v2\/pages\/16\/revisions"}],"predecessor-version":[{"id":550,"href":"https:\/\/beyondetfspro.com\/de\/wp-json\/wp\/v2\/pages\/16\/revisions\/550"}],"wp:attachment":[{"href":"https:\/\/beyondetfspro.com\/de\/wp-json\/wp\/v2\/media?parent=16"}],"curies":[{"name":"wp","href":"https:\/\/api.w.org\/{rel}","templated":true}]}}