{"id":170,"date":"2023-11-09T17:54:17","date_gmt":"2023-11-09T22:54:17","guid":{"rendered":"https:\/\/beyondetfspro.com\/?page_id=170"},"modified":"2026-01-31T15:44:52","modified_gmt":"2026-01-31T20:44:52","slug":"about-us","status":"publish","type":"page","link":"https:\/\/beyondetfspro.com\/de\/about-us\/","title":{"rendered":"\u00dcber uns"},"content":{"rendered":"<p>Die Systeme, Produkte und Dienstleistungen von BeyondETFs sind das Ergebnis einer fast zehnj\u00e4hrigen Zusammenarbeit zwischen zwei Br\u00fcdern, die es sich zur Aufgabe gemacht haben, die Performance ihrer eigenen Portfolios zu verbessern. Sie sind bestrebt, diesen Erfolg und diese Methodik mit so vielen Privatanlegern wie m\u00f6glich zu teilen.<\/p>\n<p><strong>Wilfred Brockmann<\/strong>, CEO von <strong>Brockmann Analytik &amp; Handel<\/strong>, ist ein erfahrener Profi mit \u00fcber 45 Jahren Erfahrung in der Finanzbranche, der Privatanlegern hilft, ihre finanziellen Ziele zu erreichen. Seine innovative Kreation, <strong>Die Brockmann-Methode<\/strong>ist das Ergebnis seines jahrzehntelangen Engagements f\u00fcr die Bereitstellung zug\u00e4nglicher und effektiver Anlagestrategien.<\/p>\n<p>Die Brockmann-Methode bewertet kontinuierlich ein Universum von Anlagekandidaten auf der Grundlage der historischen Kursentwicklung, was eine Konzentration auf die gr\u00f6\u00dften Chancen erm\u00f6glicht. Er hat sich f\u00fcr diese Methode durch die <strong>BeyondETFs<\/strong> mobile App f\u00fcr iOS und Android. Die wertvollen Einblicke f\u00fcr Abonnenten helfen ihnen, ihre Investitionen zu verwalten und fundierte Entscheidungen zu treffen.<\/p>\n<p>Als n\u00e4chste Innovation nach den b\u00f6rsengehandelten Fonds (eine Innovation von vor \u00fcber 40 Jahren) haben BeyondETFs Pro, die Brockmann-Methode und unsere Abonnenten den Index seit 2007 kontinuierlich geschlagen. Die Nutzer nutzen die Informationen dar\u00fcber, was sie kaufen und wann sie verkaufen sollten, um Aktien des S&amp;P 100 zu kaufen und zu verkaufen, und erzielen damit \u00fcberragende Ergebnisse in ihrem pers\u00f6nlichen, selbstverwalteten Fonds. Zus\u00e4tzlich zur App hat Brockmann mehrere White Papers \u00fcber Aktienhandelsmethoden ver\u00f6ffentlicht.<\/p>\n<p><a href=\"https:\/\/www.linkedin.com\/in\/wilfred-brockmann-mba-fin-fcsi-b853621a\/\">https:\/\/www.linkedin.com\/in\/wilfred-brockmann-mba-fin-fcsi-b853621a\/<\/a><\/p>\n<p><strong>Peter Brockmann<\/strong>, ein Erfinder und erfahrener Software-Ingenieur, der f\u00fcr die Entwicklung von Anwendungen mit\u00a0<span style=\"box-sizing: border-box; margin: 0px; padding: 0px;\">Benutzerinteraktionen, elegante logische Systeme und Team-Codierungsstandards, ist der CEO von\u00a0<strong>Brockmann &amp; Company und<\/strong><\/span>\u00a0dem Autor und Entwickler der Technologie, die der App zugrunde liegt.<\/p>\n<p>BeyondETFs Pro ist in der Lage, die Zukunft des Investierens zu revolutionieren. Unser Ziel ist es, Privatanlegern das Wissen und die Werkzeuge an die Hand zu geben, die sie ben\u00f6tigen, um fundierte Entscheidungen \u00fcber ihre eigene finanzielle Zukunft zu treffen. Mit unserer innovativen Beyond ETFs App teilen wir wertvolle Erkenntnisse dar\u00fcber, was zu kaufen und wann zu verkaufen ist, um unsere Abonnenten bei der Erreichung ihrer Ziele zu unterst\u00fctzen.<\/p>\n<p><a href=\"https:\/\/www.linkedin.com\/in\/peterbrockmann\/\">https:\/\/www.linkedin.com\/in\/peterbrockmann\/<\/a><\/p>\n<h3>Unser Auftrag und unsere Vision<\/h3>\n<h4>Mission<\/h4>\n<p>Wir wollen den Anlegern die Instrumente an die Hand geben, die sie ben\u00f6tigen, um auf einfache Weise profitable Entscheidungen \u00fcber ihre finanzielle Zukunft zu treffen.<\/p>\n<h4>Vision<\/h4>\n<p>Unsere Vision ist es, die Mobiltechnologie zu nutzen, um unseren Abonnenten zu helfen, systematisch Wohlstand zu schaffen.<\/p>","protected":false},"excerpt":{"rendered":"<p>The systems, products, and services of BeyondETFs are the result of a nearly decade-long collaboration between two brothers with a personal mission to improve the performance of their own portfolios. They are driven to share that success and that methodology with as many retail investors as possible. Wilfred Brockmann, CEO of Brockmann Analytics &amp; Trading, [&hellip;]<\/p>","protected":false},"author":1,"featured_media":0,"parent":0,"menu_order":0,"comment_status":"closed","ping_status":"closed","template":"","meta":{"footnotes":""},"class_list":["post-170","page","type-page","status-publish","hentry"],"yoast_head":"<!-- This site is optimized with the Yoast SEO Premium plugin v23.8 (Yoast SEO v26.7) - https:\/\/yoast.com\/wordpress\/plugins\/seo\/ -->\n<title>About Us - Beyond ETFs Pro<\/title>\n<meta name=\"robots\" content=\"index, follow, max-snippet:-1, max-image-preview:large, max-video-preview:-1\" \/>\n<link rel=\"canonical\" href=\"https:\/\/beyondetfspro.com\/de\/about-us\/\" \/>\n<meta property=\"og:locale\" content=\"de_DE\" \/>\n<meta property=\"og:type\" content=\"article\" \/>\n<meta property=\"og:title\" content=\"About Us\" \/>\n<meta property=\"og:description\" content=\"The systems, products, and services of BeyondETFs are the result of a nearly decade-long collaboration between two brothers with a personal mission to improve the performance of their own portfolios. They are driven to share that success and that methodology with as many retail investors as possible. Wilfred Brockmann, CEO of Brockmann Analytics &amp; Trading, [&hellip;]\" \/>\n<meta property=\"og:url\" content=\"https:\/\/beyondetfspro.com\/de\/about-us\/\" \/>\n<meta property=\"og:site_name\" content=\"Beyond ETFs Pro\" \/>\n<meta property=\"article:modified_time\" content=\"2026-01-31T20:44:52+00:00\" \/>\n<meta name=\"twitter:card\" content=\"summary_large_image\" \/>\n<meta name=\"twitter:label1\" content=\"Gesch\u00e4tzte Lesezeit\" \/>\n\t<meta name=\"twitter:data1\" content=\"2\u00a0Minuten\" \/>\n<script type=\"application\/ld+json\" class=\"yoast-schema-graph\">{\"@context\":\"https:\/\/schema.org\",\"@graph\":[{\"@type\":\"WebPage\",\"@id\":\"https:\/\/beyondetfspro.com\/about-us\/\",\"url\":\"https:\/\/beyondetfspro.com\/about-us\/\",\"name\":\"About Us - Beyond ETFs Pro\",\"isPartOf\":{\"@id\":\"https:\/\/beyondetfspro.com\/#website\"},\"datePublished\":\"2023-11-09T22:54:17+00:00\",\"dateModified\":\"2026-01-31T20:44:52+00:00\",\"breadcrumb\":{\"@id\":\"https:\/\/beyondetfspro.com\/about-us\/#breadcrumb\"},\"inLanguage\":\"de\",\"potentialAction\":[{\"@type\":\"ReadAction\",\"target\":[\"https:\/\/beyondetfspro.com\/about-us\/\"]}]},{\"@type\":\"BreadcrumbList\",\"@id\":\"https:\/\/beyondetfspro.com\/about-us\/#breadcrumb\",\"itemListElement\":[{\"@type\":\"ListItem\",\"position\":1,\"name\":\"Home\",\"item\":\"https:\/\/beyondetfspro.com\/\"},{\"@type\":\"ListItem\",\"position\":2,\"name\":\"About Us\"}]},{\"@type\":\"WebSite\",\"@id\":\"https:\/\/beyondetfspro.com\/#website\",\"url\":\"https:\/\/beyondetfspro.com\/\",\"name\":\"Beyond ETFs Pro\",\"description\":\"The future of Investing is here...\",\"publisher\":{\"@id\":\"https:\/\/beyondetfspro.com\/#organization\"},\"potentialAction\":[{\"@type\":\"SearchAction\",\"target\":{\"@type\":\"EntryPoint\",\"urlTemplate\":\"https:\/\/beyondetfspro.com\/?s={search_term_string}\"},\"query-input\":{\"@type\":\"PropertyValueSpecification\",\"valueRequired\":true,\"valueName\":\"search_term_string\"}}],\"inLanguage\":\"de\"},{\"@type\":\"Organization\",\"@id\":\"https:\/\/beyondetfspro.com\/#organization\",\"name\":\"Beyond ETFs Pro\",\"url\":\"https:\/\/beyondetfspro.com\/\",\"logo\":{\"@type\":\"ImageObject\",\"inLanguage\":\"de\",\"@id\":\"https:\/\/beyondetfspro.com\/#\/schema\/logo\/image\/\",\"url\":\"https:\/\/beyondetfspro.com\/wp-content\/uploads\/2023\/11\/logo2.png\",\"contentUrl\":\"https:\/\/beyondetfspro.com\/wp-content\/uploads\/2023\/11\/logo2.png\",\"width\":1024,\"height\":1024,\"caption\":\"Beyond ETFs Pro\"},\"image\":{\"@id\":\"https:\/\/beyondetfspro.com\/#\/schema\/logo\/image\/\"},\"sameAs\":[\"https:\/\/www.linkedin.com\/in\/peterbrockmann\/\",\"https:\/\/www.linkedin.com\/in\/wilfred-brockmann-mba-fin-fcsi-b853621a\/\"]}]}<\/script>\n<!-- \/ Yoast SEO Premium plugin. -->","yoast_head_json":{"title":"\u00dcber uns - Beyond ETFs Pro","robots":{"index":"index","follow":"follow","max-snippet":"max-snippet:-1","max-image-preview":"max-image-preview:large","max-video-preview":"max-video-preview:-1"},"canonical":"https:\/\/beyondetfspro.com\/de\/about-us\/","og_locale":"de_DE","og_type":"article","og_title":"About Us","og_description":"The systems, products, and services of BeyondETFs are the result of a nearly decade-long collaboration between two brothers with a personal mission to improve the performance of their own portfolios. They are driven to share that success and that methodology with as many retail investors as possible. Wilfred Brockmann, CEO of Brockmann Analytics &amp; Trading, [&hellip;]","og_url":"https:\/\/beyondetfspro.com\/de\/about-us\/","og_site_name":"Beyond ETFs Pro","article_modified_time":"2026-01-31T20:44:52+00:00","twitter_card":"summary_large_image","twitter_misc":{"Gesch\u00e4tzte Lesezeit":"2\u00a0Minuten"},"schema":{"@context":"https:\/\/schema.org","@graph":[{"@type":"WebPage","@id":"https:\/\/beyondetfspro.com\/about-us\/","url":"https:\/\/beyondetfspro.com\/about-us\/","name":"\u00dcber uns - Beyond ETFs Pro","isPartOf":{"@id":"https:\/\/beyondetfspro.com\/#website"},"datePublished":"2023-11-09T22:54:17+00:00","dateModified":"2026-01-31T20:44:52+00:00","breadcrumb":{"@id":"https:\/\/beyondetfspro.com\/about-us\/#breadcrumb"},"inLanguage":"de","potentialAction":[{"@type":"ReadAction","target":["https:\/\/beyondetfspro.com\/about-us\/"]}]},{"@type":"BreadcrumbList","@id":"https:\/\/beyondetfspro.com\/about-us\/#breadcrumb","itemListElement":[{"@type":"ListItem","position":1,"name":"Home","item":"https:\/\/beyondetfspro.com\/"},{"@type":"ListItem","position":2,"name":"About Us"}]},{"@type":"WebSite","@id":"https:\/\/beyondetfspro.com\/#website","url":"https:\/\/beyondetfspro.com\/","name":"Jenseits von ETFs Pro","description":"Die Zukunft des Investierens ist da...","publisher":{"@id":"https:\/\/beyondetfspro.com\/#organization"},"potentialAction":[{"@type":"SearchAction","target":{"@type":"EntryPoint","urlTemplate":"https:\/\/beyondetfspro.com\/?s={search_term_string}"},"query-input":{"@type":"PropertyValueSpecification","valueRequired":true,"valueName":"search_term_string"}}],"inLanguage":"de"},{"@type":"Organization","@id":"https:\/\/beyondetfspro.com\/#organization","name":"Jenseits von ETFs Pro","url":"https:\/\/beyondetfspro.com\/","logo":{"@type":"ImageObject","inLanguage":"de","@id":"https:\/\/beyondetfspro.com\/#\/schema\/logo\/image\/","url":"https:\/\/beyondetfspro.com\/wp-content\/uploads\/2023\/11\/logo2.png","contentUrl":"https:\/\/beyondetfspro.com\/wp-content\/uploads\/2023\/11\/logo2.png","width":1024,"height":1024,"caption":"Beyond ETFs Pro"},"image":{"@id":"https:\/\/beyondetfspro.com\/#\/schema\/logo\/image\/"},"sameAs":["https:\/\/www.linkedin.com\/in\/peterbrockmann\/","https:\/\/www.linkedin.com\/in\/wilfred-brockmann-mba-fin-fcsi-b853621a\/"]}]}},"_links":{"self":[{"href":"https:\/\/beyondetfspro.com\/de\/wp-json\/wp\/v2\/pages\/170","targetHints":{"allow":["GET"]}}],"collection":[{"href":"https:\/\/beyondetfspro.com\/de\/wp-json\/wp\/v2\/pages"}],"about":[{"href":"https:\/\/beyondetfspro.com\/de\/wp-json\/wp\/v2\/types\/page"}],"author":[{"embeddable":true,"href":"https:\/\/beyondetfspro.com\/de\/wp-json\/wp\/v2\/users\/1"}],"replies":[{"embeddable":true,"href":"https:\/\/beyondetfspro.com\/de\/wp-json\/wp\/v2\/comments?post=170"}],"version-history":[{"count":26,"href":"https:\/\/beyondetfspro.com\/de\/wp-json\/wp\/v2\/pages\/170\/revisions"}],"predecessor-version":[{"id":651,"href":"https:\/\/beyondetfspro.com\/de\/wp-json\/wp\/v2\/pages\/170\/revisions\/651"}],"wp:attachment":[{"href":"https:\/\/beyondetfspro.com\/de\/wp-json\/wp\/v2\/media?parent=170"}],"curies":[{"name":"wp","href":"https:\/\/api.w.org\/{rel}","templated":true}]}}