{"id":18,"date":"2023-11-01T07:45:04","date_gmt":"2023-11-01T11:45:04","guid":{"rendered":"https:\/\/beyondetfspro.com\/?page_id=18"},"modified":"2024-11-16T14:26:39","modified_gmt":"2024-11-16T19:26:39","slug":"financial-white-papers-articles-blog-post","status":"publish","type":"page","link":"https:\/\/beyondetfspro.com\/de\/financial-white-papers-articles-blog-post\/","title":{"rendered":"Wei\u00dfb\u00fccher etc."},"content":{"rendered":"<p>White Papers sind kostenlose und leicht verdauliche Artikel unterschiedlicher L\u00e4nge, die f\u00fcr die \u00dcbertragbarkeit im PDF-Format formatiert sind:<\/p>\n<ul>\n<li><a href=\"https:\/\/beyondetfspro.com\/wp-content\/uploads\/2023\/11\/My-Investment-Process-BAT-2021.pdf\" rel=\"attachment wp-att-239\">Mein Investitionsprozess BVT 2021<\/a><\/li>\n<li><a href=\"https:\/\/beyondetfspro.com\/wp-content\/uploads\/2023\/11\/BrockmannMethodAdvisor_2021.pdf\" rel=\"attachment wp-att-237\">BrockmannMethodenBerater_2021<\/a><\/li>\n<li><a href=\"https:\/\/beyondetfspro.com\/wp-content\/uploads\/2023\/11\/Brockmann_SDF@BeyondETFs.pdf\" rel=\"attachment wp-att-278\">Brockmann_SDF@BeyondETFs<\/a><\/li>\n<li><a href=\"https:\/\/beyondetfspro.com\/wp-content\/uploads\/2023\/11\/BrockmannMethod_121217_ES-1.pdf\" rel=\"attachment wp-att-238\">BrockmannMethode_121217_ES (1)<\/a><\/li>\n<\/ul>\n\n\n<p>Dieses Buch hingegen ist eine Erz\u00e4hlung in voller L\u00e4nge. Im November 2024 ver\u00f6ffentlicht, teilt Wilfred Brockmann seine Erkenntnisse dar\u00fcber, wohin sich das Investieren entwickelt. <\/p>\n\n\n\n<h2 class=\"wp-block-heading\" id=\"h-the-future-of-investing-is-here\"><a href=\"https:\/\/www.amazon.com\/Future-Investing-Here-learnt-markets\/dp\/B0DL4SF5XY\" target=\"_new\">Die Zukunft des Investierens ist da<\/a><\/h2>\n\n\n\n<p>In \"Die Zukunft des Investierens ist hier\" bietet Wilf Brockmann eine fesselnde und zum Nachdenken anregende Auseinandersetzung mit zeitlosen Anlageprinzipien von legend\u00e4ren Pers\u00f6nlichkeiten wie Jess Livermore, John M. Keynes und Albert Einstein. Brockmanns Strategien werden ausf\u00fchrlich er\u00f6rtert und sind zudem in die mobile App Beyond ETFs Pro\" eingebettet, die praktische Strategien f\u00fcr die Navigation in der heutigen Finanzlandschaft bietet. Das Besondere an dieser App ist, dass sie die beiden wichtigsten Informationen liefert, die ein Anleger braucht: was er kaufen und wann er vom S&amp;P 100 verkaufen sollte. <\/p>\n\n\n\n<p>Seine Grunds\u00e4tze betonen die Bedeutung von Disziplin, Objektivit\u00e4t, Anpassungsf\u00e4higkeit und einer klaren Perspektive bei Investitionsentscheidungen. Indem er sich auf die Weisheit von Livermore, Keynes und Einstein sowie auf seine eigenen Erfahrungen st\u00fctzt, bietet Brockmann den Lesern einen umfassenden Rahmen f\u00fcr den langfristigen Erfolg in einem sich st\u00e4ndig ver\u00e4ndernden Marktumfeld. Das Buch ist ein wertvolles Hilfsmittel f\u00fcr Anleger, die ihren Ansatz f\u00fcr pers\u00f6nliche Finanzen und Anlagestrategien verbessern wollen. Es wird all jenen empfohlen, die eine informiertere, diszipliniertere und anpassungsf\u00e4higere Denkweise in Bezug auf Investitionen anstreben. <\/p>\n\n\n\n<p>Insgesamt ist \"The Future of Investing is Here\" ein \u00fcberzeugender Leitfaden, der die Leser dazu ermutigt, einen achtsamen und proaktiven Ansatz zu verfolgen, um die Komplexit\u00e4t der modernen Finanzwelt zu bew\u00e4ltigen. Dies wird zu gezielten, bew\u00e4hrten Strategien, h\u00f6heren Renditen, weniger Stress und gr\u00f6\u00dferem Wohlstand f\u00fchren.<\/p>\n\n\n\n<p><\/p>","protected":false},"excerpt":{"rendered":"<p>White Papers sind kostenlose und leicht verdauliche Artikel von unterschiedlicher L\u00e4nge, die f\u00fcr die \u00dcbertragbarkeit als PDF formatiert sind: Mein Anlageprozess BAT 2021 BrockmannMethodAdvisor_2021 Brockmann_SDF@BeyondETFs BrockmannMethod_121217_ES (1) Dieses Buch hingegen ist eine ausf\u00fchrliche Erz\u00e4hlung. Ver\u00f6ffentlicht im November 2024, teilt Wilfred Brockmann seine Erkenntnisse dar\u00fcber, wohin sich das Investieren entwickelt. Die Zukunft des Investierens [...]<\/p>","protected":false},"author":1,"featured_media":0,"parent":0,"menu_order":0,"comment_status":"closed","ping_status":"closed","template":"","meta":{"footnotes":""},"class_list":["post-18","page","type-page","status-publish","hentry"],"yoast_head":"<!-- This site is optimized with the Yoast SEO Premium plugin v23.8 (Yoast SEO v26.7) - https:\/\/yoast.com\/wordpress\/plugins\/seo\/ -->\n<title>White Papers etc - Beyond ETFs Pro<\/title>\n<meta name=\"robots\" content=\"index, follow, max-snippet:-1, max-image-preview:large, max-video-preview:-1\" \/>\n<link rel=\"canonical\" href=\"https:\/\/beyondetfspro.com\/de\/financial-white-papers-articles-blog-post\/\" \/>\n<meta property=\"og:locale\" content=\"de_DE\" \/>\n<meta property=\"og:type\" content=\"article\" \/>\n<meta property=\"og:title\" content=\"White Papers etc\" \/>\n<meta property=\"og:description\" content=\"White papers are free and easy to digest articles of varying lengths, formatted for portability as PDFs: My Investment Process BAT 2021 BrockmannMethodAdvisor_2021 Brockmann_SDF@BeyondETFs BrockmannMethod_121217_ES (1) This book, on the other hand, is a full length narrative. Published in November 2024, Wilfred Brockmann shares his insights on where Investing is headed. The Future of Investing [&hellip;]\" \/>\n<meta property=\"og:url\" content=\"https:\/\/beyondetfspro.com\/de\/financial-white-papers-articles-blog-post\/\" \/>\n<meta property=\"og:site_name\" content=\"Beyond ETFs Pro\" \/>\n<meta property=\"article:modified_time\" content=\"2024-11-16T19:26:39+00:00\" \/>\n<meta name=\"twitter:card\" content=\"summary_large_image\" \/>\n<meta name=\"twitter:label1\" content=\"Gesch\u00e4tzte Lesezeit\" \/>\n\t<meta name=\"twitter:data1\" content=\"2\u00a0Minuten\" \/>\n<script type=\"application\/ld+json\" class=\"yoast-schema-graph\">{\"@context\":\"https:\/\/schema.org\",\"@graph\":[{\"@type\":\"WebPage\",\"@id\":\"https:\/\/beyondetfspro.com\/financial-white-papers-articles-blog-post\/\",\"url\":\"https:\/\/beyondetfspro.com\/financial-white-papers-articles-blog-post\/\",\"name\":\"White Papers etc - Beyond ETFs Pro\",\"isPartOf\":{\"@id\":\"https:\/\/beyondetfspro.com\/#website\"},\"datePublished\":\"2023-11-01T11:45:04+00:00\",\"dateModified\":\"2024-11-16T19:26:39+00:00\",\"breadcrumb\":{\"@id\":\"https:\/\/beyondetfspro.com\/financial-white-papers-articles-blog-post\/#breadcrumb\"},\"inLanguage\":\"de\",\"potentialAction\":[{\"@type\":\"ReadAction\",\"target\":[\"https:\/\/beyondetfspro.com\/financial-white-papers-articles-blog-post\/\"]}]},{\"@type\":\"BreadcrumbList\",\"@id\":\"https:\/\/beyondetfspro.com\/financial-white-papers-articles-blog-post\/#breadcrumb\",\"itemListElement\":[{\"@type\":\"ListItem\",\"position\":1,\"name\":\"Home\",\"item\":\"https:\/\/beyondetfspro.com\/\"},{\"@type\":\"ListItem\",\"position\":2,\"name\":\"White Papers etc\"}]},{\"@type\":\"WebSite\",\"@id\":\"https:\/\/beyondetfspro.com\/#website\",\"url\":\"https:\/\/beyondetfspro.com\/\",\"name\":\"Beyond ETFs Pro\",\"description\":\"The future of Investing is here...\",\"publisher\":{\"@id\":\"https:\/\/beyondetfspro.com\/#organization\"},\"potentialAction\":[{\"@type\":\"SearchAction\",\"target\":{\"@type\":\"EntryPoint\",\"urlTemplate\":\"https:\/\/beyondetfspro.com\/?s={search_term_string}\"},\"query-input\":{\"@type\":\"PropertyValueSpecification\",\"valueRequired\":true,\"valueName\":\"search_term_string\"}}],\"inLanguage\":\"de\"},{\"@type\":\"Organization\",\"@id\":\"https:\/\/beyondetfspro.com\/#organization\",\"name\":\"Beyond ETFs Pro\",\"url\":\"https:\/\/beyondetfspro.com\/\",\"logo\":{\"@type\":\"ImageObject\",\"inLanguage\":\"de\",\"@id\":\"https:\/\/beyondetfspro.com\/#\/schema\/logo\/image\/\",\"url\":\"https:\/\/beyondetfspro.com\/wp-content\/uploads\/2023\/11\/logo2.png\",\"contentUrl\":\"https:\/\/beyondetfspro.com\/wp-content\/uploads\/2023\/11\/logo2.png\",\"width\":1024,\"height\":1024,\"caption\":\"Beyond ETFs Pro\"},\"image\":{\"@id\":\"https:\/\/beyondetfspro.com\/#\/schema\/logo\/image\/\"},\"sameAs\":[\"https:\/\/www.linkedin.com\/in\/peterbrockmann\/\",\"https:\/\/www.linkedin.com\/in\/wilfred-brockmann-mba-fin-fcsi-b853621a\/\"]}]}<\/script>\n<!-- \/ Yoast SEO Premium plugin. -->","yoast_head_json":{"title":"Wei\u00dfb\u00fccher usw. - Beyond ETFs Pro","robots":{"index":"index","follow":"follow","max-snippet":"max-snippet:-1","max-image-preview":"max-image-preview:large","max-video-preview":"max-video-preview:-1"},"canonical":"https:\/\/beyondetfspro.com\/de\/financial-white-papers-articles-blog-post\/","og_locale":"de_DE","og_type":"article","og_title":"White Papers etc","og_description":"White papers are free and easy to digest articles of varying lengths, formatted for portability as PDFs: My Investment Process BAT 2021 BrockmannMethodAdvisor_2021 Brockmann_SDF@BeyondETFs BrockmannMethod_121217_ES (1) This book, on the other hand, is a full length narrative. Published in November 2024, Wilfred Brockmann shares his insights on where Investing is headed. The Future of Investing [&hellip;]","og_url":"https:\/\/beyondetfspro.com\/de\/financial-white-papers-articles-blog-post\/","og_site_name":"Beyond ETFs Pro","article_modified_time":"2024-11-16T19:26:39+00:00","twitter_card":"summary_large_image","twitter_misc":{"Gesch\u00e4tzte Lesezeit":"2\u00a0Minuten"},"schema":{"@context":"https:\/\/schema.org","@graph":[{"@type":"WebPage","@id":"https:\/\/beyondetfspro.com\/financial-white-papers-articles-blog-post\/","url":"https:\/\/beyondetfspro.com\/financial-white-papers-articles-blog-post\/","name":"Wei\u00dfb\u00fccher usw. - Beyond ETFs Pro","isPartOf":{"@id":"https:\/\/beyondetfspro.com\/#website"},"datePublished":"2023-11-01T11:45:04+00:00","dateModified":"2024-11-16T19:26:39+00:00","breadcrumb":{"@id":"https:\/\/beyondetfspro.com\/financial-white-papers-articles-blog-post\/#breadcrumb"},"inLanguage":"de","potentialAction":[{"@type":"ReadAction","target":["https:\/\/beyondetfspro.com\/financial-white-papers-articles-blog-post\/"]}]},{"@type":"BreadcrumbList","@id":"https:\/\/beyondetfspro.com\/financial-white-papers-articles-blog-post\/#breadcrumb","itemListElement":[{"@type":"ListItem","position":1,"name":"Home","item":"https:\/\/beyondetfspro.com\/"},{"@type":"ListItem","position":2,"name":"White Papers etc"}]},{"@type":"WebSite","@id":"https:\/\/beyondetfspro.com\/#website","url":"https:\/\/beyondetfspro.com\/","name":"Jenseits von ETFs Pro","description":"Die Zukunft des Investierens ist da...","publisher":{"@id":"https:\/\/beyondetfspro.com\/#organization"},"potentialAction":[{"@type":"SearchAction","target":{"@type":"EntryPoint","urlTemplate":"https:\/\/beyondetfspro.com\/?s={search_term_string}"},"query-input":{"@type":"PropertyValueSpecification","valueRequired":true,"valueName":"search_term_string"}}],"inLanguage":"de"},{"@type":"Organization","@id":"https:\/\/beyondetfspro.com\/#organization","name":"Jenseits von ETFs Pro","url":"https:\/\/beyondetfspro.com\/","logo":{"@type":"ImageObject","inLanguage":"de","@id":"https:\/\/beyondetfspro.com\/#\/schema\/logo\/image\/","url":"https:\/\/beyondetfspro.com\/wp-content\/uploads\/2023\/11\/logo2.png","contentUrl":"https:\/\/beyondetfspro.com\/wp-content\/uploads\/2023\/11\/logo2.png","width":1024,"height":1024,"caption":"Beyond ETFs Pro"},"image":{"@id":"https:\/\/beyondetfspro.com\/#\/schema\/logo\/image\/"},"sameAs":["https:\/\/www.linkedin.com\/in\/peterbrockmann\/","https:\/\/www.linkedin.com\/in\/wilfred-brockmann-mba-fin-fcsi-b853621a\/"]}]}},"_links":{"self":[{"href":"https:\/\/beyondetfspro.com\/de\/wp-json\/wp\/v2\/pages\/18","targetHints":{"allow":["GET"]}}],"collection":[{"href":"https:\/\/beyondetfspro.com\/de\/wp-json\/wp\/v2\/pages"}],"about":[{"href":"https:\/\/beyondetfspro.com\/de\/wp-json\/wp\/v2\/types\/page"}],"author":[{"embeddable":true,"href":"https:\/\/beyondetfspro.com\/de\/wp-json\/wp\/v2\/users\/1"}],"replies":[{"embeddable":true,"href":"https:\/\/beyondetfspro.com\/de\/wp-json\/wp\/v2\/comments?post=18"}],"version-history":[{"count":23,"href":"https:\/\/beyondetfspro.com\/de\/wp-json\/wp\/v2\/pages\/18\/revisions"}],"predecessor-version":[{"id":619,"href":"https:\/\/beyondetfspro.com\/de\/wp-json\/wp\/v2\/pages\/18\/revisions\/619"}],"wp:attachment":[{"href":"https:\/\/beyondetfspro.com\/de\/wp-json\/wp\/v2\/media?parent=18"}],"curies":[{"name":"wp","href":"https:\/\/api.w.org\/{rel}","templated":true}]}}