{"id":16,"date":"2023-11-01T07:44:50","date_gmt":"2023-11-01T11:44:50","guid":{"rendered":"https:\/\/beyondetfspro.com\/?page_id=16"},"modified":"2024-10-13T16:03:35","modified_gmt":"2024-10-13T20:03:35","slug":"how-we-pick-them","status":"publish","type":"page","link":"https:\/\/beyondetfspro.com\/es\/how-we-pick-them\/","title":{"rendered":"C\u00f3mo los elegimos"},"content":{"rendered":"<p>Utilizamos el \"Price Momentum\", una medida del flujo de dinero que entra y sale de estos valores y su comparaci\u00f3n con el pasado. \u00a0<\/p>\n<blockquote>\n<p><em>Los estudios muestran que una acci\u00f3n cuyo precio ha subido en los \u00faltimos seis a doce meses probablemente seguir\u00e1 subiendo en los pr\u00f3ximos seis a doce meses. Del mismo modo, es probable que una acci\u00f3n cuyo precio haya bajado en los \u00faltimos seis a doce meses siga bajando en los pr\u00f3ximos seis a doce meses. <\/em><\/p>\n<\/blockquote>\n<p>Calculamos el impulso de los precios y, a continuaci\u00f3n, ordenamos los valores del S&amp;P 100 de mayor a menor impulso de precios. Elegimos el S&amp;P 100 porque se trata de las mayores y mejores empresas de Estados Unidos (y probablemente del mundo). Las normas y reglamentos financieros a los que se enfrentan son las protecciones m\u00e1s estrictas para los inversores minoristas en cualquier lugar. Est\u00e1n bien gestionadas y bien capitalizadas. Son l\u00edderes en sus respectivos sectores. Son marcas conocidas: usted las conoce a todas.<\/p>\n<p>A continuaci\u00f3n, segmentamos el listado en tres zonas: la Zona de Compra, la Zona de No Comprar M\u00e1s y la Zona de Evitar. El l\u00edmite entre la Zona de no comprar m\u00e1s y la Zona de evitar es el Umbral de venta.\u00a0<\/p>\n<p>Los primeros usuarios compran los valores de la zona de compra. Con el tiempo, los valores compiten con sus competidores en el \u00cdndice y los precios suben y bajan, al igual que el impulso de los precios de los valores. Finalmente, el valor cae en la zona de exclusi\u00f3n. En ese momento, indicamos a cualquiera de nuestros suscriptores que posea ese valor que ha llegado el momento de venderlo.\u00a0<\/p>\n<p>La venden, eliminan su referencia de seguimiento de la aplicaci\u00f3n y compran la siguiente acci\u00f3n mejor clasificada en la zona de compra que a\u00fan no posean.<\/p>\n<p>Este es el n\u00facleo de Beyond ETFs Pro, y por qu\u00e9 decimos que el futuro de la inversi\u00f3n est\u00e1 aqu\u00ed. Usted tiene el control total de su futuro financiero.\u00a0<\/p>\n<p>Funciona. Y funciona realmente bien. El M\u00e9todo Brockmann, aplicado con diligencia, ha demostrado generar una rentabilidad 7 veces superior a la del S&amp;P 100 desde 2007 (hasta octubre de 2024).<\/p>\n<p>BeyondETFs es una metodolog\u00eda basada en reglas, probada y elegante para batir al \u00cdndice. Comprar las acciones adecuadas es s\u00f3lo la mitad de la ecuaci\u00f3n del \u00e9xito.  Saber cu\u00e1ndo vender es la otra.  Nuestros suscriptores aprenden AMBAS cosas con Beyond ETFs Pro.<\/p>\n\n\n<p><\/p>","protected":false},"excerpt":{"rendered":"<p>Utilizamos el \"Momento del precio\", una medida del flujo de dinero que entra y sale de estos valores y su comparaci\u00f3n con el pasado.   Los estudios muestran que un valor que ha subido de precio en los \u00faltimos seis a doce meses probablemente seguir\u00e1 subiendo en los pr\u00f3ximos [...].<\/p>","protected":false},"author":2,"featured_media":0,"parent":0,"menu_order":0,"comment_status":"closed","ping_status":"closed","template":"","meta":{"footnotes":""},"class_list":["post-16","page","type-page","status-publish","hentry"],"yoast_head":"<!-- This site is optimized with the Yoast SEO Premium plugin v23.8 (Yoast SEO v26.7) - https:\/\/yoast.com\/wordpress\/plugins\/seo\/ -->\n<title>How We Pick Them - Beyond ETFs Pro<\/title>\n<meta name=\"robots\" content=\"index, follow, max-snippet:-1, max-image-preview:large, max-video-preview:-1\" \/>\n<link rel=\"canonical\" href=\"https:\/\/beyondetfspro.com\/es\/how-we-pick-them\/\" \/>\n<meta property=\"og:locale\" content=\"es_MX\" \/>\n<meta property=\"og:type\" content=\"article\" \/>\n<meta property=\"og:title\" content=\"How We Pick Them\" \/>\n<meta property=\"og:description\" content=\"We use \u201cPrice Momentum\u201d \u2013 a measure of the flow of money into and out of these stocks and how that flow compares to the past. \u00a0 Research shows a stock that has been increasing in price over the last six to twelve months is likely to continue to increase in price over the next [&hellip;]\" \/>\n<meta property=\"og:url\" content=\"https:\/\/beyondetfspro.com\/es\/how-we-pick-them\/\" \/>\n<meta property=\"og:site_name\" content=\"Beyond ETFs Pro\" \/>\n<meta property=\"article:modified_time\" content=\"2024-10-13T20:03:35+00:00\" \/>\n<meta name=\"twitter:card\" content=\"summary_large_image\" \/>\n<meta name=\"twitter:label1\" content=\"Tiempo de lectura\" \/>\n\t<meta name=\"twitter:data1\" content=\"2 minutos\" \/>\n<script type=\"application\/ld+json\" class=\"yoast-schema-graph\">{\"@context\":\"https:\/\/schema.org\",\"@graph\":[{\"@type\":\"WebPage\",\"@id\":\"https:\/\/beyondetfspro.com\/how-we-pick-them\/\",\"url\":\"https:\/\/beyondetfspro.com\/how-we-pick-them\/\",\"name\":\"How We Pick Them - Beyond ETFs Pro\",\"isPartOf\":{\"@id\":\"https:\/\/beyondetfspro.com\/#website\"},\"datePublished\":\"2023-11-01T11:44:50+00:00\",\"dateModified\":\"2024-10-13T20:03:35+00:00\",\"breadcrumb\":{\"@id\":\"https:\/\/beyondetfspro.com\/how-we-pick-them\/#breadcrumb\"},\"inLanguage\":\"es\",\"potentialAction\":[{\"@type\":\"ReadAction\",\"target\":[\"https:\/\/beyondetfspro.com\/how-we-pick-them\/\"]}]},{\"@type\":\"BreadcrumbList\",\"@id\":\"https:\/\/beyondetfspro.com\/how-we-pick-them\/#breadcrumb\",\"itemListElement\":[{\"@type\":\"ListItem\",\"position\":1,\"name\":\"Home\",\"item\":\"https:\/\/beyondetfspro.com\/\"},{\"@type\":\"ListItem\",\"position\":2,\"name\":\"How We Pick Them\"}]},{\"@type\":\"WebSite\",\"@id\":\"https:\/\/beyondetfspro.com\/#website\",\"url\":\"https:\/\/beyondetfspro.com\/\",\"name\":\"Beyond ETFs Pro\",\"description\":\"The future of Investing is here...\",\"publisher\":{\"@id\":\"https:\/\/beyondetfspro.com\/#organization\"},\"potentialAction\":[{\"@type\":\"SearchAction\",\"target\":{\"@type\":\"EntryPoint\",\"urlTemplate\":\"https:\/\/beyondetfspro.com\/?s={search_term_string}\"},\"query-input\":{\"@type\":\"PropertyValueSpecification\",\"valueRequired\":true,\"valueName\":\"search_term_string\"}}],\"inLanguage\":\"es\"},{\"@type\":\"Organization\",\"@id\":\"https:\/\/beyondetfspro.com\/#organization\",\"name\":\"Beyond ETFs Pro\",\"url\":\"https:\/\/beyondetfspro.com\/\",\"logo\":{\"@type\":\"ImageObject\",\"inLanguage\":\"es\",\"@id\":\"https:\/\/beyondetfspro.com\/#\/schema\/logo\/image\/\",\"url\":\"https:\/\/beyondetfspro.com\/wp-content\/uploads\/2023\/11\/logo2.png\",\"contentUrl\":\"https:\/\/beyondetfspro.com\/wp-content\/uploads\/2023\/11\/logo2.png\",\"width\":1024,\"height\":1024,\"caption\":\"Beyond ETFs Pro\"},\"image\":{\"@id\":\"https:\/\/beyondetfspro.com\/#\/schema\/logo\/image\/\"},\"sameAs\":[\"https:\/\/www.linkedin.com\/in\/peterbrockmann\/\",\"https:\/\/www.linkedin.com\/in\/wilfred-brockmann-mba-fin-fcsi-b853621a\/\"]}]}<\/script>\n<!-- \/ Yoast SEO Premium plugin. -->","yoast_head_json":{"title":"How We Pick Them - Beyond ETFs Pro","robots":{"index":"index","follow":"follow","max-snippet":"max-snippet:-1","max-image-preview":"max-image-preview:large","max-video-preview":"max-video-preview:-1"},"canonical":"https:\/\/beyondetfspro.com\/es\/how-we-pick-them\/","og_locale":"es_MX","og_type":"article","og_title":"How We Pick Them","og_description":"We use \u201cPrice Momentum\u201d \u2013 a measure of the flow of money into and out of these stocks and how that flow compares to the past. \u00a0 Research shows a stock that has been increasing in price over the last six to twelve months is likely to continue to increase in price over the next [&hellip;]","og_url":"https:\/\/beyondetfspro.com\/es\/how-we-pick-them\/","og_site_name":"Beyond ETFs Pro","article_modified_time":"2024-10-13T20:03:35+00:00","twitter_card":"summary_large_image","twitter_misc":{"Tiempo de lectura":"2 minutos"},"schema":{"@context":"https:\/\/schema.org","@graph":[{"@type":"WebPage","@id":"https:\/\/beyondetfspro.com\/how-we-pick-them\/","url":"https:\/\/beyondetfspro.com\/how-we-pick-them\/","name":"How We Pick Them - Beyond ETFs Pro","isPartOf":{"@id":"https:\/\/beyondetfspro.com\/#website"},"datePublished":"2023-11-01T11:44:50+00:00","dateModified":"2024-10-13T20:03:35+00:00","breadcrumb":{"@id":"https:\/\/beyondetfspro.com\/how-we-pick-them\/#breadcrumb"},"inLanguage":"es","potentialAction":[{"@type":"ReadAction","target":["https:\/\/beyondetfspro.com\/how-we-pick-them\/"]}]},{"@type":"BreadcrumbList","@id":"https:\/\/beyondetfspro.com\/how-we-pick-them\/#breadcrumb","itemListElement":[{"@type":"ListItem","position":1,"name":"Home","item":"https:\/\/beyondetfspro.com\/"},{"@type":"ListItem","position":2,"name":"How We Pick Them"}]},{"@type":"WebSite","@id":"https:\/\/beyondetfspro.com\/#website","url":"https:\/\/beyondetfspro.com\/","name":"M\u00e1s all\u00e1 de los ETFs Pro","description":"El futuro de la inversi\u00f3n est\u00e1 aqu\u00ed...","publisher":{"@id":"https:\/\/beyondetfspro.com\/#organization"},"potentialAction":[{"@type":"SearchAction","target":{"@type":"EntryPoint","urlTemplate":"https:\/\/beyondetfspro.com\/?s={search_term_string}"},"query-input":{"@type":"PropertyValueSpecification","valueRequired":true,"valueName":"search_term_string"}}],"inLanguage":"es"},{"@type":"Organization","@id":"https:\/\/beyondetfspro.com\/#organization","name":"M\u00e1s all\u00e1 de los ETFs Pro","url":"https:\/\/beyondetfspro.com\/","logo":{"@type":"ImageObject","inLanguage":"es","@id":"https:\/\/beyondetfspro.com\/#\/schema\/logo\/image\/","url":"https:\/\/beyondetfspro.com\/wp-content\/uploads\/2023\/11\/logo2.png","contentUrl":"https:\/\/beyondetfspro.com\/wp-content\/uploads\/2023\/11\/logo2.png","width":1024,"height":1024,"caption":"Beyond ETFs Pro"},"image":{"@id":"https:\/\/beyondetfspro.com\/#\/schema\/logo\/image\/"},"sameAs":["https:\/\/www.linkedin.com\/in\/peterbrockmann\/","https:\/\/www.linkedin.com\/in\/wilfred-brockmann-mba-fin-fcsi-b853621a\/"]}]}},"_links":{"self":[{"href":"https:\/\/beyondetfspro.com\/es\/wp-json\/wp\/v2\/pages\/16","targetHints":{"allow":["GET"]}}],"collection":[{"href":"https:\/\/beyondetfspro.com\/es\/wp-json\/wp\/v2\/pages"}],"about":[{"href":"https:\/\/beyondetfspro.com\/es\/wp-json\/wp\/v2\/types\/page"}],"author":[{"embeddable":true,"href":"https:\/\/beyondetfspro.com\/es\/wp-json\/wp\/v2\/users\/2"}],"replies":[{"embeddable":true,"href":"https:\/\/beyondetfspro.com\/es\/wp-json\/wp\/v2\/comments?post=16"}],"version-history":[{"count":29,"href":"https:\/\/beyondetfspro.com\/es\/wp-json\/wp\/v2\/pages\/16\/revisions"}],"predecessor-version":[{"id":550,"href":"https:\/\/beyondetfspro.com\/es\/wp-json\/wp\/v2\/pages\/16\/revisions\/550"}],"wp:attachment":[{"href":"https:\/\/beyondetfspro.com\/es\/wp-json\/wp\/v2\/media?parent=16"}],"curies":[{"name":"wp","href":"https:\/\/api.w.org\/{rel}","templated":true}]}}