{"id":170,"date":"2023-11-09T17:54:17","date_gmt":"2023-11-09T22:54:17","guid":{"rendered":"https:\/\/beyondetfspro.com\/?page_id=170"},"modified":"2026-01-31T15:44:52","modified_gmt":"2026-01-31T20:44:52","slug":"about-us","status":"publish","type":"page","link":"https:\/\/beyondetfspro.com\/es\/about-us\/","title":{"rendered":"Qui\u00e9nes somos"},"content":{"rendered":"<p>Los sistemas, productos y servicios de BeyondETFs son el resultado de casi una d\u00e9cada de colaboraci\u00f3n entre dos hermanos con la misi\u00f3n personal de mejorar el rendimiento de sus propias carteras. Su objetivo es compartir ese \u00e9xito y esa metodolog\u00eda con el mayor n\u00famero posible de inversionistas minoristas.<\/p>\n<p><strong>Wilfred Brockmann<\/strong>Director General de <strong>Brockmann Analytics &amp; Trading<\/strong>, es un profesional con m\u00e1s de 45 a\u00f1os de experiencia en el sector financiero, ayudando a los inversionistas minoristas a alcanzar sus objetivos financieros. Su innovadora creaci\u00f3n, <strong>El m\u00e9todo Brockmann<\/strong>, se forma a partir de su compromiso de d\u00e9cadas de ofrecer estrategias de inversi\u00f3n accesibles y eficaces.<\/p>\n<p>El m\u00e9todo Brockmann clasifica continuamente un universo de candidatos a la inversi\u00f3n bas\u00e1ndose en un historial de comportamiento de los precios, lo que permite centrarse en las oportunidades m\u00e1s sustanciales. Ha defendido esta metodolog\u00eda a trav\u00e9s del <strong>M\u00e1s all\u00e1 de losETF<\/strong> Aplicaci\u00f3n m\u00f3vil para iOS y Android. La valiosa informaci\u00f3n que ofrece a los suscriptores les ayuda a gestionar sus inversiones y a tomar decisiones informadas.<\/p>\n<p>Como la siguiente innovaci\u00f3n despu\u00e9s de los fondos cotizados en bolsa (una innovaci\u00f3n de hace m\u00e1s de 40 a\u00f1os), BeyondETFs Pro, el m\u00e9todo Brockmann y nuestros suscriptores han superado constantemente al \u00edndice desde 2007. Los usuarios utilizan la informaci\u00f3n sobre qu\u00e9 comprar y cu\u00e1ndo vender para adquirir y vender acciones del S&amp;P 100, lo que les permite obtener resultados superiores en su fondo autogestionado personal. Adem\u00e1s de la aplicaci\u00f3n, Brockmann ha publicado varios informes t\u00e9cnicos sobre metodolog\u00edas de negociaci\u00f3n de acciones.<\/p>\n<p><a href=\"https:\/\/www.linkedin.com\/in\/wilfred-brockmann-mba-fin-fcsi-b853621a\/\">https:\/\/www.linkedin.com\/in\/wilfred-brockmann-mba-fin-fcsi-b853621a\/<\/a><\/p>\n<p><strong>Peter Brockmann<\/strong>, un inventor e ingeniero de software con amplia experiencia, conocido por dise\u00f1ar aplicaciones con\u00a0<span style=\"box-sizing: border-box; margin: 0px; padding: 0px;\">interacciones atractivas para el usuario, sistemas l\u00f3gicos elegantes y est\u00e1ndares de codificaci\u00f3n en equipo, es el director general de\u00a0<strong>Brockmann &amp; Company y<\/strong><\/span>\u00a0el autor y la fuente de la tecnolog\u00eda en la que se basa la aplicaci\u00f3n.<\/p>\n<p>BeyondETFs Pro est\u00e1 posicionado para revolucionar el futuro de las inversiones. Nuestra misi\u00f3n es empoderar y animar a los inversionistas minoristas con el conocimiento y las herramientas que necesitan para tomar decisiones informadas sobre su propio futuro financiero. Con nuestra innovadora aplicaci\u00f3n m\u00f3vil de suscripci\u00f3n Beyond ETFs, compartimos informaci\u00f3n valiosa sobre qu\u00e9 comprar y cu\u00e1ndo vender para guiar a nuestros suscriptores hacia sus objetivos.<\/p>\n<p><a href=\"https:\/\/www.linkedin.com\/in\/peterbrockmann\/\">https:\/\/www.linkedin.com\/in\/peterbrockmann\/<\/a><\/p>\n<h3>Nuestra misi\u00f3n y visi\u00f3n<\/h3>\n<h4>Misi\u00f3n<\/h4>\n<p>Dotar a los inversores de las herramientas que necesitan para tomar f\u00e1cilmente decisiones rentables sobre su futuro financiero.<\/p>\n<h4>Visi\u00f3n<\/h4>\n<p>Nuestra visi\u00f3n es utilizar la tecnolog\u00eda m\u00f3vil para ayudar a nuestros abonados a crear riqueza de forma sistem\u00e1tica.<\/p>","protected":false},"excerpt":{"rendered":"<p>The systems, products, and services of BeyondETFs are the result of a nearly decade-long collaboration between two brothers with a personal mission to improve the performance of their own portfolios. They are driven to share that success and that methodology with as many retail investors as possible. Wilfred Brockmann, CEO of Brockmann Analytics &amp; Trading, [&hellip;]<\/p>","protected":false},"author":1,"featured_media":0,"parent":0,"menu_order":0,"comment_status":"closed","ping_status":"closed","template":"","meta":{"footnotes":""},"class_list":["post-170","page","type-page","status-publish","hentry"],"yoast_head":"<!-- This site is optimized with the Yoast SEO Premium plugin v23.8 (Yoast SEO v26.7) - https:\/\/yoast.com\/wordpress\/plugins\/seo\/ -->\n<title>About Us - Beyond ETFs Pro<\/title>\n<meta name=\"robots\" content=\"index, follow, max-snippet:-1, max-image-preview:large, max-video-preview:-1\" \/>\n<link rel=\"canonical\" href=\"https:\/\/beyondetfspro.com\/es\/about-us\/\" \/>\n<meta property=\"og:locale\" content=\"es_MX\" \/>\n<meta property=\"og:type\" content=\"article\" \/>\n<meta property=\"og:title\" content=\"About Us\" \/>\n<meta property=\"og:description\" content=\"The systems, products, and services of BeyondETFs are the result of a nearly decade-long collaboration between two brothers with a personal mission to improve the performance of their own portfolios. They are driven to share that success and that methodology with as many retail investors as possible. Wilfred Brockmann, CEO of Brockmann Analytics &amp; Trading, [&hellip;]\" \/>\n<meta property=\"og:url\" content=\"https:\/\/beyondetfspro.com\/es\/about-us\/\" \/>\n<meta property=\"og:site_name\" content=\"Beyond ETFs Pro\" \/>\n<meta property=\"article:modified_time\" content=\"2026-01-31T20:44:52+00:00\" \/>\n<meta name=\"twitter:card\" content=\"summary_large_image\" \/>\n<meta name=\"twitter:label1\" content=\"Tiempo de lectura\" \/>\n\t<meta name=\"twitter:data1\" content=\"2 minutos\" \/>\n<script type=\"application\/ld+json\" class=\"yoast-schema-graph\">{\"@context\":\"https:\/\/schema.org\",\"@graph\":[{\"@type\":\"WebPage\",\"@id\":\"https:\/\/beyondetfspro.com\/about-us\/\",\"url\":\"https:\/\/beyondetfspro.com\/about-us\/\",\"name\":\"About Us - Beyond ETFs Pro\",\"isPartOf\":{\"@id\":\"https:\/\/beyondetfspro.com\/#website\"},\"datePublished\":\"2023-11-09T22:54:17+00:00\",\"dateModified\":\"2026-01-31T20:44:52+00:00\",\"breadcrumb\":{\"@id\":\"https:\/\/beyondetfspro.com\/about-us\/#breadcrumb\"},\"inLanguage\":\"es\",\"potentialAction\":[{\"@type\":\"ReadAction\",\"target\":[\"https:\/\/beyondetfspro.com\/about-us\/\"]}]},{\"@type\":\"BreadcrumbList\",\"@id\":\"https:\/\/beyondetfspro.com\/about-us\/#breadcrumb\",\"itemListElement\":[{\"@type\":\"ListItem\",\"position\":1,\"name\":\"Home\",\"item\":\"https:\/\/beyondetfspro.com\/\"},{\"@type\":\"ListItem\",\"position\":2,\"name\":\"About Us\"}]},{\"@type\":\"WebSite\",\"@id\":\"https:\/\/beyondetfspro.com\/#website\",\"url\":\"https:\/\/beyondetfspro.com\/\",\"name\":\"Beyond ETFs Pro\",\"description\":\"The future of Investing is here...\",\"publisher\":{\"@id\":\"https:\/\/beyondetfspro.com\/#organization\"},\"potentialAction\":[{\"@type\":\"SearchAction\",\"target\":{\"@type\":\"EntryPoint\",\"urlTemplate\":\"https:\/\/beyondetfspro.com\/?s={search_term_string}\"},\"query-input\":{\"@type\":\"PropertyValueSpecification\",\"valueRequired\":true,\"valueName\":\"search_term_string\"}}],\"inLanguage\":\"es\"},{\"@type\":\"Organization\",\"@id\":\"https:\/\/beyondetfspro.com\/#organization\",\"name\":\"Beyond ETFs Pro\",\"url\":\"https:\/\/beyondetfspro.com\/\",\"logo\":{\"@type\":\"ImageObject\",\"inLanguage\":\"es\",\"@id\":\"https:\/\/beyondetfspro.com\/#\/schema\/logo\/image\/\",\"url\":\"https:\/\/beyondetfspro.com\/wp-content\/uploads\/2023\/11\/logo2.png\",\"contentUrl\":\"https:\/\/beyondetfspro.com\/wp-content\/uploads\/2023\/11\/logo2.png\",\"width\":1024,\"height\":1024,\"caption\":\"Beyond ETFs Pro\"},\"image\":{\"@id\":\"https:\/\/beyondetfspro.com\/#\/schema\/logo\/image\/\"},\"sameAs\":[\"https:\/\/www.linkedin.com\/in\/peterbrockmann\/\",\"https:\/\/www.linkedin.com\/in\/wilfred-brockmann-mba-fin-fcsi-b853621a\/\"]}]}<\/script>\n<!-- \/ Yoast SEO Premium plugin. -->","yoast_head_json":{"title":"Sobre nosotros - Beyond ETFs Pro","robots":{"index":"index","follow":"follow","max-snippet":"max-snippet:-1","max-image-preview":"max-image-preview:large","max-video-preview":"max-video-preview:-1"},"canonical":"https:\/\/beyondetfspro.com\/es\/about-us\/","og_locale":"es_MX","og_type":"article","og_title":"About Us","og_description":"The systems, products, and services of BeyondETFs are the result of a nearly decade-long collaboration between two brothers with a personal mission to improve the performance of their own portfolios. They are driven to share that success and that methodology with as many retail investors as possible. Wilfred Brockmann, CEO of Brockmann Analytics &amp; Trading, [&hellip;]","og_url":"https:\/\/beyondetfspro.com\/es\/about-us\/","og_site_name":"Beyond ETFs Pro","article_modified_time":"2026-01-31T20:44:52+00:00","twitter_card":"summary_large_image","twitter_misc":{"Tiempo de lectura":"2 minutos"},"schema":{"@context":"https:\/\/schema.org","@graph":[{"@type":"WebPage","@id":"https:\/\/beyondetfspro.com\/about-us\/","url":"https:\/\/beyondetfspro.com\/about-us\/","name":"Sobre nosotros - Beyond ETFs Pro","isPartOf":{"@id":"https:\/\/beyondetfspro.com\/#website"},"datePublished":"2023-11-09T22:54:17+00:00","dateModified":"2026-01-31T20:44:52+00:00","breadcrumb":{"@id":"https:\/\/beyondetfspro.com\/about-us\/#breadcrumb"},"inLanguage":"es","potentialAction":[{"@type":"ReadAction","target":["https:\/\/beyondetfspro.com\/about-us\/"]}]},{"@type":"BreadcrumbList","@id":"https:\/\/beyondetfspro.com\/about-us\/#breadcrumb","itemListElement":[{"@type":"ListItem","position":1,"name":"Home","item":"https:\/\/beyondetfspro.com\/"},{"@type":"ListItem","position":2,"name":"About Us"}]},{"@type":"WebSite","@id":"https:\/\/beyondetfspro.com\/#website","url":"https:\/\/beyondetfspro.com\/","name":"M\u00e1s all\u00e1 de los ETFs Pro","description":"El futuro de la inversi\u00f3n est\u00e1 aqu\u00ed...","publisher":{"@id":"https:\/\/beyondetfspro.com\/#organization"},"potentialAction":[{"@type":"SearchAction","target":{"@type":"EntryPoint","urlTemplate":"https:\/\/beyondetfspro.com\/?s={search_term_string}"},"query-input":{"@type":"PropertyValueSpecification","valueRequired":true,"valueName":"search_term_string"}}],"inLanguage":"es"},{"@type":"Organization","@id":"https:\/\/beyondetfspro.com\/#organization","name":"M\u00e1s all\u00e1 de los ETFs Pro","url":"https:\/\/beyondetfspro.com\/","logo":{"@type":"ImageObject","inLanguage":"es","@id":"https:\/\/beyondetfspro.com\/#\/schema\/logo\/image\/","url":"https:\/\/beyondetfspro.com\/wp-content\/uploads\/2023\/11\/logo2.png","contentUrl":"https:\/\/beyondetfspro.com\/wp-content\/uploads\/2023\/11\/logo2.png","width":1024,"height":1024,"caption":"Beyond ETFs Pro"},"image":{"@id":"https:\/\/beyondetfspro.com\/#\/schema\/logo\/image\/"},"sameAs":["https:\/\/www.linkedin.com\/in\/peterbrockmann\/","https:\/\/www.linkedin.com\/in\/wilfred-brockmann-mba-fin-fcsi-b853621a\/"]}]}},"_links":{"self":[{"href":"https:\/\/beyondetfspro.com\/es\/wp-json\/wp\/v2\/pages\/170","targetHints":{"allow":["GET"]}}],"collection":[{"href":"https:\/\/beyondetfspro.com\/es\/wp-json\/wp\/v2\/pages"}],"about":[{"href":"https:\/\/beyondetfspro.com\/es\/wp-json\/wp\/v2\/types\/page"}],"author":[{"embeddable":true,"href":"https:\/\/beyondetfspro.com\/es\/wp-json\/wp\/v2\/users\/1"}],"replies":[{"embeddable":true,"href":"https:\/\/beyondetfspro.com\/es\/wp-json\/wp\/v2\/comments?post=170"}],"version-history":[{"count":26,"href":"https:\/\/beyondetfspro.com\/es\/wp-json\/wp\/v2\/pages\/170\/revisions"}],"predecessor-version":[{"id":651,"href":"https:\/\/beyondetfspro.com\/es\/wp-json\/wp\/v2\/pages\/170\/revisions\/651"}],"wp:attachment":[{"href":"https:\/\/beyondetfspro.com\/es\/wp-json\/wp\/v2\/media?parent=170"}],"curies":[{"name":"wp","href":"https:\/\/api.w.org\/{rel}","templated":true}]}}