{"id":18,"date":"2023-11-01T07:45:04","date_gmt":"2023-11-01T11:45:04","guid":{"rendered":"https:\/\/beyondetfspro.com\/?page_id=18"},"modified":"2024-11-16T14:26:39","modified_gmt":"2024-11-16T19:26:39","slug":"financial-white-papers-articles-blog-post","status":"publish","type":"page","link":"https:\/\/beyondetfspro.com\/es\/financial-white-papers-articles-blog-post\/","title":{"rendered":"Libros blancos, etc."},"content":{"rendered":"<p>Los libros blancos son art\u00edculos de diversa extensi\u00f3n, gratuitos y f\u00e1ciles de digerir, formateados para su portabilidad en formato PDF:<\/p>\n<ul>\n<li><a href=\"https:\/\/beyondetfspro.com\/wp-content\/uploads\/2023\/11\/My-Investment-Process-BAT-2021.pdf\" rel=\"attachment wp-att-239\">Mi proceso de inversi\u00f3n BAT 2021<\/a><\/li>\n<li><a href=\"https:\/\/beyondetfspro.com\/wp-content\/uploads\/2023\/11\/BrockmannMethodAdvisor_2021.pdf\" rel=\"attachment wp-att-237\">BrockmannM\u00e9todoAsesor_2021<\/a><\/li>\n<li><a href=\"https:\/\/beyondetfspro.com\/wp-content\/uploads\/2023\/11\/Brockmann_SDF@BeyondETFs.pdf\" rel=\"attachment wp-att-278\">Brockmann_SDF@BeyondETFs<\/a><\/li>\n<li><a href=\"https:\/\/beyondetfspro.com\/wp-content\/uploads\/2023\/11\/BrockmannMethod_121217_ES-1.pdf\" rel=\"attachment wp-att-238\">M\u00e9todo Brockmann_121217_ES (1)<\/a><\/li>\n<\/ul>\n\n\n<p>Este libro, en cambio, es un relato en toda regla. Publicado en noviembre de 2024, Wilfred Brockmann comparte sus ideas sobre hacia d\u00f3nde se dirige la inversi\u00f3n. <\/p>\n\n\n\n<h2 class=\"wp-block-heading\" id=\"h-the-future-of-investing-is-here\"><a href=\"https:\/\/www.amazon.com\/Future-Investing-Here-learnt-markets\/dp\/B0DL4SF5XY\" target=\"_new\">El futuro de la inversi\u00f3n ya est\u00e1 aqu\u00ed<\/a><\/h2>\n\n\n\n<p>En \"El futuro de la inversi\u00f3n est\u00e1 aqu\u00ed\", Wilf Brockmann ofrece una exploraci\u00f3n cautivadora y sugerente de los principios de inversi\u00f3n atemporales de figuras legendarias como Jess Livermore, John M. Keynes y Albert Einstein. Las estrategias de Brockmann se analizan en detalle y se integran en la aplicaci\u00f3n m\u00f3vil \"Beyond ETFs Pro\", que ofrece estrategias pr\u00e1cticas para navegar por el panorama financiero actual. Lo que diferencia a esta aplicaci\u00f3n es que ofrece los dos datos m\u00e1s importantes que necesita un inversor: qu\u00e9 comprar y cu\u00e1ndo vender del S&amp;P 100. <\/p>\n\n\n\n<p>Sus principios hacen hincapi\u00e9 en la importancia de la disciplina, la objetividad, la adaptabilidad y una perspectiva l\u00facida a la hora de tomar decisiones de inversi\u00f3n. Bas\u00e1ndose en la sabidur\u00eda de Livermore, Keynes y Einstein, as\u00ed como en su propia experiencia, Brockmann ofrece a los lectores un marco completo para alcanzar el \u00e9xito a largo plazo en un entorno de mercado en constante cambio. El libro constituye un valioso recurso para los inversores que deseen mejorar su enfoque de las finanzas personales y las estrategias de inversi\u00f3n. Se recomienda a quienes busquen cultivar una mentalidad m\u00e1s informada, disciplinada y adaptable a la hora de invertir. <\/p>\n\n\n\n<p>En general, \"El futuro de la inversi\u00f3n est\u00e1 aqu\u00ed\" es una gu\u00eda convincente que anima a los lectores a adoptar un enfoque consciente y proactivo para navegar por las complejidades de las finanzas modernas, lo que les llevar\u00e1 a centrarse en estrategias probadas con el tiempo, aumentar los rendimientos, reducir el estr\u00e9s y lograr una mayor prosperidad.<\/p>\n\n\n\n<p><\/p>","protected":false},"excerpt":{"rendered":"<p>White papers are free and easy to digest articles of varying lengths, formatted for portability as PDFs: My Investment Process BAT 2021 BrockmannMethodAdvisor_2021 Brockmann_SDF@BeyondETFs BrockmannMethod_121217_ES (1) This book, on the other hand, is a full length narrative. Published in November 2024, Wilfred Brockmann shares his insights on where Investing is headed. The Future of Investing [&hellip;]<\/p>","protected":false},"author":1,"featured_media":0,"parent":0,"menu_order":0,"comment_status":"closed","ping_status":"closed","template":"","meta":{"footnotes":""},"class_list":["post-18","page","type-page","status-publish","hentry"],"yoast_head":"<!-- This site is optimized with the Yoast SEO Premium plugin v23.8 (Yoast SEO v26.7) - https:\/\/yoast.com\/wordpress\/plugins\/seo\/ -->\n<title>White Papers etc - Beyond ETFs Pro<\/title>\n<meta name=\"robots\" content=\"index, follow, max-snippet:-1, max-image-preview:large, max-video-preview:-1\" \/>\n<link rel=\"canonical\" href=\"https:\/\/beyondetfspro.com\/es\/financial-white-papers-articles-blog-post\/\" \/>\n<meta property=\"og:locale\" content=\"es_MX\" \/>\n<meta property=\"og:type\" content=\"article\" \/>\n<meta property=\"og:title\" content=\"White Papers etc\" \/>\n<meta property=\"og:description\" content=\"White papers are free and easy to digest articles of varying lengths, formatted for portability as PDFs: My Investment Process BAT 2021 BrockmannMethodAdvisor_2021 Brockmann_SDF@BeyondETFs BrockmannMethod_121217_ES (1) This book, on the other hand, is a full length narrative. Published in November 2024, Wilfred Brockmann shares his insights on where Investing is headed. The Future of Investing [&hellip;]\" \/>\n<meta property=\"og:url\" content=\"https:\/\/beyondetfspro.com\/es\/financial-white-papers-articles-blog-post\/\" \/>\n<meta property=\"og:site_name\" content=\"Beyond ETFs Pro\" \/>\n<meta property=\"article:modified_time\" content=\"2024-11-16T19:26:39+00:00\" \/>\n<meta name=\"twitter:card\" content=\"summary_large_image\" \/>\n<meta name=\"twitter:label1\" content=\"Tiempo de lectura\" \/>\n\t<meta name=\"twitter:data1\" content=\"2 minutos\" \/>\n<script type=\"application\/ld+json\" class=\"yoast-schema-graph\">{\"@context\":\"https:\/\/schema.org\",\"@graph\":[{\"@type\":\"WebPage\",\"@id\":\"https:\/\/beyondetfspro.com\/financial-white-papers-articles-blog-post\/\",\"url\":\"https:\/\/beyondetfspro.com\/financial-white-papers-articles-blog-post\/\",\"name\":\"White Papers etc - Beyond ETFs Pro\",\"isPartOf\":{\"@id\":\"https:\/\/beyondetfspro.com\/#website\"},\"datePublished\":\"2023-11-01T11:45:04+00:00\",\"dateModified\":\"2024-11-16T19:26:39+00:00\",\"breadcrumb\":{\"@id\":\"https:\/\/beyondetfspro.com\/financial-white-papers-articles-blog-post\/#breadcrumb\"},\"inLanguage\":\"es\",\"potentialAction\":[{\"@type\":\"ReadAction\",\"target\":[\"https:\/\/beyondetfspro.com\/financial-white-papers-articles-blog-post\/\"]}]},{\"@type\":\"BreadcrumbList\",\"@id\":\"https:\/\/beyondetfspro.com\/financial-white-papers-articles-blog-post\/#breadcrumb\",\"itemListElement\":[{\"@type\":\"ListItem\",\"position\":1,\"name\":\"Home\",\"item\":\"https:\/\/beyondetfspro.com\/\"},{\"@type\":\"ListItem\",\"position\":2,\"name\":\"White Papers etc\"}]},{\"@type\":\"WebSite\",\"@id\":\"https:\/\/beyondetfspro.com\/#website\",\"url\":\"https:\/\/beyondetfspro.com\/\",\"name\":\"Beyond ETFs Pro\",\"description\":\"The future of Investing is here...\",\"publisher\":{\"@id\":\"https:\/\/beyondetfspro.com\/#organization\"},\"potentialAction\":[{\"@type\":\"SearchAction\",\"target\":{\"@type\":\"EntryPoint\",\"urlTemplate\":\"https:\/\/beyondetfspro.com\/?s={search_term_string}\"},\"query-input\":{\"@type\":\"PropertyValueSpecification\",\"valueRequired\":true,\"valueName\":\"search_term_string\"}}],\"inLanguage\":\"es\"},{\"@type\":\"Organization\",\"@id\":\"https:\/\/beyondetfspro.com\/#organization\",\"name\":\"Beyond ETFs Pro\",\"url\":\"https:\/\/beyondetfspro.com\/\",\"logo\":{\"@type\":\"ImageObject\",\"inLanguage\":\"es\",\"@id\":\"https:\/\/beyondetfspro.com\/#\/schema\/logo\/image\/\",\"url\":\"https:\/\/beyondetfspro.com\/wp-content\/uploads\/2023\/11\/logo2.png\",\"contentUrl\":\"https:\/\/beyondetfspro.com\/wp-content\/uploads\/2023\/11\/logo2.png\",\"width\":1024,\"height\":1024,\"caption\":\"Beyond ETFs Pro\"},\"image\":{\"@id\":\"https:\/\/beyondetfspro.com\/#\/schema\/logo\/image\/\"},\"sameAs\":[\"https:\/\/www.linkedin.com\/in\/peterbrockmann\/\",\"https:\/\/www.linkedin.com\/in\/wilfred-brockmann-mba-fin-fcsi-b853621a\/\"]}]}<\/script>\n<!-- \/ Yoast SEO Premium plugin. -->","yoast_head_json":{"title":"White Papers etc - Beyond ETFs Pro","robots":{"index":"index","follow":"follow","max-snippet":"max-snippet:-1","max-image-preview":"max-image-preview:large","max-video-preview":"max-video-preview:-1"},"canonical":"https:\/\/beyondetfspro.com\/es\/financial-white-papers-articles-blog-post\/","og_locale":"es_MX","og_type":"article","og_title":"White Papers etc","og_description":"White papers are free and easy to digest articles of varying lengths, formatted for portability as PDFs: My Investment Process BAT 2021 BrockmannMethodAdvisor_2021 Brockmann_SDF@BeyondETFs BrockmannMethod_121217_ES (1) This book, on the other hand, is a full length narrative. Published in November 2024, Wilfred Brockmann shares his insights on where Investing is headed. The Future of Investing [&hellip;]","og_url":"https:\/\/beyondetfspro.com\/es\/financial-white-papers-articles-blog-post\/","og_site_name":"Beyond ETFs Pro","article_modified_time":"2024-11-16T19:26:39+00:00","twitter_card":"summary_large_image","twitter_misc":{"Tiempo de lectura":"2 minutos"},"schema":{"@context":"https:\/\/schema.org","@graph":[{"@type":"WebPage","@id":"https:\/\/beyondetfspro.com\/financial-white-papers-articles-blog-post\/","url":"https:\/\/beyondetfspro.com\/financial-white-papers-articles-blog-post\/","name":"White Papers etc - Beyond ETFs Pro","isPartOf":{"@id":"https:\/\/beyondetfspro.com\/#website"},"datePublished":"2023-11-01T11:45:04+00:00","dateModified":"2024-11-16T19:26:39+00:00","breadcrumb":{"@id":"https:\/\/beyondetfspro.com\/financial-white-papers-articles-blog-post\/#breadcrumb"},"inLanguage":"es","potentialAction":[{"@type":"ReadAction","target":["https:\/\/beyondetfspro.com\/financial-white-papers-articles-blog-post\/"]}]},{"@type":"BreadcrumbList","@id":"https:\/\/beyondetfspro.com\/financial-white-papers-articles-blog-post\/#breadcrumb","itemListElement":[{"@type":"ListItem","position":1,"name":"Home","item":"https:\/\/beyondetfspro.com\/"},{"@type":"ListItem","position":2,"name":"White Papers etc"}]},{"@type":"WebSite","@id":"https:\/\/beyondetfspro.com\/#website","url":"https:\/\/beyondetfspro.com\/","name":"M\u00e1s all\u00e1 de los ETFs Pro","description":"El futuro de la inversi\u00f3n est\u00e1 aqu\u00ed...","publisher":{"@id":"https:\/\/beyondetfspro.com\/#organization"},"potentialAction":[{"@type":"SearchAction","target":{"@type":"EntryPoint","urlTemplate":"https:\/\/beyondetfspro.com\/?s={search_term_string}"},"query-input":{"@type":"PropertyValueSpecification","valueRequired":true,"valueName":"search_term_string"}}],"inLanguage":"es"},{"@type":"Organization","@id":"https:\/\/beyondetfspro.com\/#organization","name":"M\u00e1s all\u00e1 de los ETFs Pro","url":"https:\/\/beyondetfspro.com\/","logo":{"@type":"ImageObject","inLanguage":"es","@id":"https:\/\/beyondetfspro.com\/#\/schema\/logo\/image\/","url":"https:\/\/beyondetfspro.com\/wp-content\/uploads\/2023\/11\/logo2.png","contentUrl":"https:\/\/beyondetfspro.com\/wp-content\/uploads\/2023\/11\/logo2.png","width":1024,"height":1024,"caption":"Beyond ETFs Pro"},"image":{"@id":"https:\/\/beyondetfspro.com\/#\/schema\/logo\/image\/"},"sameAs":["https:\/\/www.linkedin.com\/in\/peterbrockmann\/","https:\/\/www.linkedin.com\/in\/wilfred-brockmann-mba-fin-fcsi-b853621a\/"]}]}},"_links":{"self":[{"href":"https:\/\/beyondetfspro.com\/es\/wp-json\/wp\/v2\/pages\/18","targetHints":{"allow":["GET"]}}],"collection":[{"href":"https:\/\/beyondetfspro.com\/es\/wp-json\/wp\/v2\/pages"}],"about":[{"href":"https:\/\/beyondetfspro.com\/es\/wp-json\/wp\/v2\/types\/page"}],"author":[{"embeddable":true,"href":"https:\/\/beyondetfspro.com\/es\/wp-json\/wp\/v2\/users\/1"}],"replies":[{"embeddable":true,"href":"https:\/\/beyondetfspro.com\/es\/wp-json\/wp\/v2\/comments?post=18"}],"version-history":[{"count":23,"href":"https:\/\/beyondetfspro.com\/es\/wp-json\/wp\/v2\/pages\/18\/revisions"}],"predecessor-version":[{"id":619,"href":"https:\/\/beyondetfspro.com\/es\/wp-json\/wp\/v2\/pages\/18\/revisions\/619"}],"wp:attachment":[{"href":"https:\/\/beyondetfspro.com\/es\/wp-json\/wp\/v2\/media?parent=18"}],"curies":[{"name":"wp","href":"https:\/\/api.w.org\/{rel}","templated":true}]}}