{"id":16,"date":"2023-11-01T07:44:50","date_gmt":"2023-11-01T11:44:50","guid":{"rendered":"https:\/\/beyondetfspro.com\/?page_id=16"},"modified":"2024-10-13T16:03:35","modified_gmt":"2024-10-13T20:03:35","slug":"how-we-pick-them","status":"publish","type":"page","link":"https:\/\/beyondetfspro.com\/fr\/how-we-pick-them\/","title":{"rendered":"Comment nous les choisissons"},"content":{"rendered":"<p>Nous utilisons le \"Price Momentum\" - une mesure du flux d'argent entrant et sortant de ces actions et de la mani\u00e8re dont ce flux se compare au pass\u00e9. \u00a0<\/p>\n<blockquote>\n<p><em>Les recherches montrent qu'une action dont le prix a augment\u00e9 au cours des six \u00e0 douze derniers mois est susceptible de continuer \u00e0 augmenter au cours des six \u00e0 douze prochains mois. De m\u00eame, une action dont le prix a baiss\u00e9 au cours des six \u00e0 douze derniers mois est susceptible de continuer \u00e0 baisser au cours des six \u00e0 douze prochains mois. <\/em><\/p>\n<\/blockquote>\n<p>Nous calculons la dynamique des prix et classons ensuite les actions du S&amp;P 100, de la plus forte \u00e0 la plus faible. Nous avons choisi le S&amp;P 100 parce qu'il s'agit des plus grandes et des meilleures entreprises d'Am\u00e9rique (et probablement du monde). Les normes et r\u00e9glementations financi\u00e8res auxquelles elles sont soumises constituent les protections les plus strictes qui soient pour les investisseurs individuels. Elles sont bien g\u00e9r\u00e9es et bien capitalis\u00e9es. Elles sont leaders dans chacun de leurs secteurs respectifs. Ce sont des marques connues - vous les connaissez toutes.<\/p>\n<p>Nous divisons ensuite la liste en trois zones : la zone d'achat, la zone de non-achat et la zone d'\u00e9vitement. La limite entre la zone \"Ne plus acheter\" et la zone \"\u00c9viter\" est le seuil de vente.\u00a0<\/p>\n<p>Les premiers utilisateurs ach\u00e8tent les actions de la zone d'achat. Au fil du temps, les actions se bousculent avec leurs concurrents dans l'indice et les prix \u00e9voluent \u00e0 la hausse et \u00e0 la baisse, tout comme la dynamique des prix des actions. Finalement, l'action tombe dans la zone d'\u00e9vitement. \u00c0 ce moment-l\u00e0, nous signalons \u00e0 tous nos abonn\u00e9s qui poss\u00e8dent cette action qu'il est temps de la vendre.\u00a0<\/p>\n<p>Ils le vendent, suppriment sa r\u00e9f\u00e9rence de suivi de l'application et ach\u00e8tent ensuite l'action suivante la mieux class\u00e9e dans la zone d'achat qu'ils ne poss\u00e8dent pas d\u00e9j\u00e0.<\/p>\n<p>C'est le c\u0153ur de Beyond ETFs Pro, et la raison pour laquelle nous affirmons que l'avenir de l'investissement est l\u00e0. Vous avez le contr\u00f4le total de votre avenir financier.\u00a0<\/p>\n<p>Il fonctionne. Et tr\u00e8s bien. Il a \u00e9t\u00e9 d\u00e9montr\u00e9 que la m\u00e9thode Brockmann, appliqu\u00e9e avec diligence, g\u00e9n\u00e8re un rendement 7 fois sup\u00e9rieur \u00e0 celui du S&amp;P 100 depuis 2007 (jusqu'en octobre 2024).<\/p>\n<p>BeyondETFs est une m\u00e9thodologie bas\u00e9e sur des r\u00e8gles, \u00e9prouv\u00e9e et \u00e9l\u00e9gante pour battre l'indice. Acheter la bonne action n'est que la moiti\u00e9 de l'\u00e9quation du succ\u00e8s.  Savoir quand vendre est l'autre moiti\u00e9.  Nos abonn\u00e9s apprennent les DEUX avec Beyond ETFs Pro.<\/p>\n\n\n<p><\/p>","protected":false},"excerpt":{"rendered":"<p>We use \u201cPrice Momentum\u201d \u2013 a measure of the flow of money into and out of these stocks and how that flow compares to the past. \u00a0 Research shows a stock that has been increasing in price over the last six to twelve months is likely to continue to increase in price over the next [&hellip;]<\/p>","protected":false},"author":2,"featured_media":0,"parent":0,"menu_order":0,"comment_status":"closed","ping_status":"closed","template":"","meta":{"footnotes":""},"class_list":["post-16","page","type-page","status-publish","hentry"],"yoast_head":"<!-- This site is optimized with the Yoast SEO Premium plugin v23.8 (Yoast SEO v26.7) - https:\/\/yoast.com\/wordpress\/plugins\/seo\/ -->\n<title>How We Pick Them - Beyond ETFs Pro<\/title>\n<meta name=\"robots\" content=\"index, follow, max-snippet:-1, max-image-preview:large, max-video-preview:-1\" \/>\n<link rel=\"canonical\" href=\"https:\/\/beyondetfspro.com\/fr\/how-we-pick-them\/\" \/>\n<meta property=\"og:locale\" content=\"fr_FR\" \/>\n<meta property=\"og:type\" content=\"article\" \/>\n<meta property=\"og:title\" content=\"How We Pick Them\" \/>\n<meta property=\"og:description\" content=\"We use \u201cPrice Momentum\u201d \u2013 a measure of the flow of money into and out of these stocks and how that flow compares to the past. \u00a0 Research shows a stock that has been increasing in price over the last six to twelve months is likely to continue to increase in price over the next [&hellip;]\" \/>\n<meta property=\"og:url\" content=\"https:\/\/beyondetfspro.com\/fr\/how-we-pick-them\/\" \/>\n<meta property=\"og:site_name\" content=\"Beyond ETFs Pro\" \/>\n<meta property=\"article:modified_time\" content=\"2024-10-13T20:03:35+00:00\" \/>\n<meta name=\"twitter:card\" content=\"summary_large_image\" \/>\n<meta name=\"twitter:label1\" content=\"Dur\u00e9e de lecture estim\u00e9e\" \/>\n\t<meta name=\"twitter:data1\" content=\"2 minutes\" \/>\n<script type=\"application\/ld+json\" class=\"yoast-schema-graph\">{\"@context\":\"https:\/\/schema.org\",\"@graph\":[{\"@type\":\"WebPage\",\"@id\":\"https:\/\/beyondetfspro.com\/how-we-pick-them\/\",\"url\":\"https:\/\/beyondetfspro.com\/how-we-pick-them\/\",\"name\":\"How We Pick Them - Beyond ETFs Pro\",\"isPartOf\":{\"@id\":\"https:\/\/beyondetfspro.com\/#website\"},\"datePublished\":\"2023-11-01T11:44:50+00:00\",\"dateModified\":\"2024-10-13T20:03:35+00:00\",\"breadcrumb\":{\"@id\":\"https:\/\/beyondetfspro.com\/how-we-pick-them\/#breadcrumb\"},\"inLanguage\":\"fr-FR\",\"potentialAction\":[{\"@type\":\"ReadAction\",\"target\":[\"https:\/\/beyondetfspro.com\/how-we-pick-them\/\"]}]},{\"@type\":\"BreadcrumbList\",\"@id\":\"https:\/\/beyondetfspro.com\/how-we-pick-them\/#breadcrumb\",\"itemListElement\":[{\"@type\":\"ListItem\",\"position\":1,\"name\":\"Home\",\"item\":\"https:\/\/beyondetfspro.com\/\"},{\"@type\":\"ListItem\",\"position\":2,\"name\":\"How We Pick Them\"}]},{\"@type\":\"WebSite\",\"@id\":\"https:\/\/beyondetfspro.com\/#website\",\"url\":\"https:\/\/beyondetfspro.com\/\",\"name\":\"Beyond ETFs Pro\",\"description\":\"The future of Investing is here...\",\"publisher\":{\"@id\":\"https:\/\/beyondetfspro.com\/#organization\"},\"potentialAction\":[{\"@type\":\"SearchAction\",\"target\":{\"@type\":\"EntryPoint\",\"urlTemplate\":\"https:\/\/beyondetfspro.com\/?s={search_term_string}\"},\"query-input\":{\"@type\":\"PropertyValueSpecification\",\"valueRequired\":true,\"valueName\":\"search_term_string\"}}],\"inLanguage\":\"fr-FR\"},{\"@type\":\"Organization\",\"@id\":\"https:\/\/beyondetfspro.com\/#organization\",\"name\":\"Beyond ETFs Pro\",\"url\":\"https:\/\/beyondetfspro.com\/\",\"logo\":{\"@type\":\"ImageObject\",\"inLanguage\":\"fr-FR\",\"@id\":\"https:\/\/beyondetfspro.com\/#\/schema\/logo\/image\/\",\"url\":\"https:\/\/beyondetfspro.com\/wp-content\/uploads\/2023\/11\/logo2.png\",\"contentUrl\":\"https:\/\/beyondetfspro.com\/wp-content\/uploads\/2023\/11\/logo2.png\",\"width\":1024,\"height\":1024,\"caption\":\"Beyond ETFs Pro\"},\"image\":{\"@id\":\"https:\/\/beyondetfspro.com\/#\/schema\/logo\/image\/\"},\"sameAs\":[\"https:\/\/www.linkedin.com\/in\/peterbrockmann\/\",\"https:\/\/www.linkedin.com\/in\/wilfred-brockmann-mba-fin-fcsi-b853621a\/\"]}]}<\/script>\n<!-- \/ Yoast SEO Premium plugin. -->","yoast_head_json":{"title":"How We Pick Them - Beyond ETFs Pro","robots":{"index":"index","follow":"follow","max-snippet":"max-snippet:-1","max-image-preview":"max-image-preview:large","max-video-preview":"max-video-preview:-1"},"canonical":"https:\/\/beyondetfspro.com\/fr\/how-we-pick-them\/","og_locale":"fr_FR","og_type":"article","og_title":"How We Pick Them","og_description":"We use \u201cPrice Momentum\u201d \u2013 a measure of the flow of money into and out of these stocks and how that flow compares to the past. \u00a0 Research shows a stock that has been increasing in price over the last six to twelve months is likely to continue to increase in price over the next [&hellip;]","og_url":"https:\/\/beyondetfspro.com\/fr\/how-we-pick-them\/","og_site_name":"Beyond ETFs Pro","article_modified_time":"2024-10-13T20:03:35+00:00","twitter_card":"summary_large_image","twitter_misc":{"Dur\u00e9e de lecture estim\u00e9e":"2 minutes"},"schema":{"@context":"https:\/\/schema.org","@graph":[{"@type":"WebPage","@id":"https:\/\/beyondetfspro.com\/how-we-pick-them\/","url":"https:\/\/beyondetfspro.com\/how-we-pick-them\/","name":"How We Pick Them - Beyond ETFs Pro","isPartOf":{"@id":"https:\/\/beyondetfspro.com\/#website"},"datePublished":"2023-11-01T11:44:50+00:00","dateModified":"2024-10-13T20:03:35+00:00","breadcrumb":{"@id":"https:\/\/beyondetfspro.com\/how-we-pick-them\/#breadcrumb"},"inLanguage":"fr-FR","potentialAction":[{"@type":"ReadAction","target":["https:\/\/beyondetfspro.com\/how-we-pick-them\/"]}]},{"@type":"BreadcrumbList","@id":"https:\/\/beyondetfspro.com\/how-we-pick-them\/#breadcrumb","itemListElement":[{"@type":"ListItem","position":1,"name":"Home","item":"https:\/\/beyondetfspro.com\/"},{"@type":"ListItem","position":2,"name":"How We Pick Them"}]},{"@type":"WebSite","@id":"https:\/\/beyondetfspro.com\/#website","url":"https:\/\/beyondetfspro.com\/","name":"Au-del\u00e0 des ETF Pro","description":"L'avenir de l'investissement est l\u00e0...","publisher":{"@id":"https:\/\/beyondetfspro.com\/#organization"},"potentialAction":[{"@type":"SearchAction","target":{"@type":"EntryPoint","urlTemplate":"https:\/\/beyondetfspro.com\/?s={search_term_string}"},"query-input":{"@type":"PropertyValueSpecification","valueRequired":true,"valueName":"search_term_string"}}],"inLanguage":"fr-FR"},{"@type":"Organization","@id":"https:\/\/beyondetfspro.com\/#organization","name":"Au-del\u00e0 des ETF Pro","url":"https:\/\/beyondetfspro.com\/","logo":{"@type":"ImageObject","inLanguage":"fr-FR","@id":"https:\/\/beyondetfspro.com\/#\/schema\/logo\/image\/","url":"https:\/\/beyondetfspro.com\/wp-content\/uploads\/2023\/11\/logo2.png","contentUrl":"https:\/\/beyondetfspro.com\/wp-content\/uploads\/2023\/11\/logo2.png","width":1024,"height":1024,"caption":"Beyond ETFs Pro"},"image":{"@id":"https:\/\/beyondetfspro.com\/#\/schema\/logo\/image\/"},"sameAs":["https:\/\/www.linkedin.com\/in\/peterbrockmann\/","https:\/\/www.linkedin.com\/in\/wilfred-brockmann-mba-fin-fcsi-b853621a\/"]}]}},"_links":{"self":[{"href":"https:\/\/beyondetfspro.com\/fr\/wp-json\/wp\/v2\/pages\/16","targetHints":{"allow":["GET"]}}],"collection":[{"href":"https:\/\/beyondetfspro.com\/fr\/wp-json\/wp\/v2\/pages"}],"about":[{"href":"https:\/\/beyondetfspro.com\/fr\/wp-json\/wp\/v2\/types\/page"}],"author":[{"embeddable":true,"href":"https:\/\/beyondetfspro.com\/fr\/wp-json\/wp\/v2\/users\/2"}],"replies":[{"embeddable":true,"href":"https:\/\/beyondetfspro.com\/fr\/wp-json\/wp\/v2\/comments?post=16"}],"version-history":[{"count":29,"href":"https:\/\/beyondetfspro.com\/fr\/wp-json\/wp\/v2\/pages\/16\/revisions"}],"predecessor-version":[{"id":550,"href":"https:\/\/beyondetfspro.com\/fr\/wp-json\/wp\/v2\/pages\/16\/revisions\/550"}],"wp:attachment":[{"href":"https:\/\/beyondetfspro.com\/fr\/wp-json\/wp\/v2\/media?parent=16"}],"curies":[{"name":"wp","href":"https:\/\/api.w.org\/{rel}","templated":true}]}}