{"id":170,"date":"2023-11-09T17:54:17","date_gmt":"2023-11-09T22:54:17","guid":{"rendered":"https:\/\/beyondetfspro.com\/?page_id=170"},"modified":"2026-01-31T15:44:52","modified_gmt":"2026-01-31T20:44:52","slug":"about-us","status":"publish","type":"page","link":"https:\/\/beyondetfspro.com\/fr\/about-us\/","title":{"rendered":"A propos de nous"},"content":{"rendered":"<p>Les syst\u00e8mes, produits et services de BeyondETFs sont le r\u00e9sultat d'une collaboration de pr\u00e8s de dix ans entre deux fr\u00e8res ayant pour mission personnelle d'am\u00e9liorer la performance de leurs propres portefeuilles. Ils sont d\u00e9termin\u00e9s \u00e0 partager cette r\u00e9ussite et cette m\u00e9thodologie avec le plus grand nombre possible d'investisseurs individuels.<\/p>\n<p><strong>Wilfred Brockmann<\/strong>PDG de <strong>Brockmann Analytics &amp; Trading<\/strong>, est un professionnel chevronn\u00e9 qui compte plus de 45 ans d'exp\u00e9rience dans le secteur financier, o\u00f9 il aide les investisseurs individuels \u00e0 atteindre leurs objectifs financiers. Sa cr\u00e9ation innovante, <strong>La m\u00e9thode Brockmann<\/strong>est le fruit de son engagement de plusieurs d\u00e9cennies \u00e0 proposer des strat\u00e9gies d'investissement accessibles et efficaces.<\/p>\n<p>La m\u00e9thode Brockmann classe continuellement un univers de candidats \u00e0 l'investissement sur la base d'un historique de performance des prix, ce qui permet de se concentrer sur les opportunit\u00e9s les plus substantielles. Il a d\u00e9fendu cette m\u00e9thodologie dans le cadre du <strong>Au-del\u00e0 des FET<\/strong> pour iOS et Android. Les informations pr\u00e9cieuses fournies aux abonn\u00e9s les aident \u00e0 g\u00e9rer leurs investissements et \u00e0 prendre des d\u00e9cisions \u00e9clair\u00e9es.<\/p>\n<p>En tant qu'innovation apr\u00e8s les fonds n\u00e9goci\u00e9s en bourse (une innovation datant de plus de 40 ans), BeyondETFs Pro, The Brockmann Method, et nos abonn\u00e9s ont constamment battu l'indice depuis 2007. Les utilisateurs utilisent les informations sur ce qu'il faut acheter et quand il faut vendre pour acheter et vendre des actions du S&amp;P 100, g\u00e9n\u00e9rant ainsi des r\u00e9sultats sup\u00e9rieurs dans leur fonds personnel autog\u00e9r\u00e9. En plus de l'application, Brockmann a publi\u00e9 plusieurs livres blancs sur les m\u00e9thodologies de n\u00e9gociation d'actions.<\/p>\n<p><a href=\"https:\/\/www.linkedin.com\/in\/wilfred-brockmann-mba-fin-fcsi-b853621a\/\">https:\/\/www.linkedin.com\/in\/wilfred-brockmann-mba-fin-fcsi-b853621a\/<\/a><\/p>\n<p><strong>Peter Brockmann<\/strong>, Le projet a \u00e9t\u00e9 lanc\u00e9 par un inventeur et un ing\u00e9nieur logiciel exp\u00e9riment\u00e9, connu pour la conception d'applications avec des fonctions de gestion de l'information.\u00a0<span style=\"box-sizing: border-box; margin: 0px; padding: 0px;\">des interactions avec l'utilisateur, des syst\u00e8mes logiques \u00e9l\u00e9gants et des normes de codage en \u00e9quipe, est le PDG de\u00a0<strong>Brockmann &amp; Company et<\/strong><\/span>\u00a0l'auteur et la source de la technologie au c\u0153ur de l'application.<\/p>\n<p>BeyondETFs Pro est positionn\u00e9 pour r\u00e9volutionner l'avenir de l'investissement. Notre mission est de donner aux investisseurs individuels les connaissances et les outils dont ils ont besoin pour prendre des d\u00e9cisions \u00e9clair\u00e9es sur leur propre avenir financier. Gr\u00e2ce \u00e0 notre application mobile innovante Beyond ETFs, nous partageons des informations pr\u00e9cieuses sur ce qu'il faut acheter et quand il faut vendre pour guider nos abonn\u00e9s vers leurs objectifs.<\/p>\n<p><a href=\"https:\/\/www.linkedin.com\/in\/peterbrockmann\/\">https:\/\/www.linkedin.com\/in\/peterbrockmann\/<\/a><\/p>\n<h3>Notre mission et notre vision<\/h3>\n<h4>La mission<\/h4>\n<p>Donner aux investisseurs les outils dont ils ont besoin pour prendre facilement des d\u00e9cisions rentables concernant leur avenir financier.<\/p>\n<h4>Vision<\/h4>\n<p>Notre vision est d'utiliser la technologie mobile pour aider nos abonn\u00e9s \u00e0 cr\u00e9er syst\u00e9matiquement de la richesse.<\/p>","protected":false},"excerpt":{"rendered":"<p>The systems, products, and services of BeyondETFs are the result of a nearly decade-long collaboration between two brothers with a personal mission to improve the performance of their own portfolios. They are driven to share that success and that methodology with as many retail investors as possible. Wilfred Brockmann, CEO of Brockmann Analytics &amp; Trading, [&hellip;]<\/p>","protected":false},"author":1,"featured_media":0,"parent":0,"menu_order":0,"comment_status":"closed","ping_status":"closed","template":"","meta":{"footnotes":""},"class_list":["post-170","page","type-page","status-publish","hentry"],"yoast_head":"<!-- This site is optimized with the Yoast SEO Premium plugin v23.8 (Yoast SEO v26.7) - https:\/\/yoast.com\/wordpress\/plugins\/seo\/ -->\n<title>About Us - Beyond ETFs Pro<\/title>\n<meta name=\"robots\" content=\"index, follow, max-snippet:-1, max-image-preview:large, max-video-preview:-1\" \/>\n<link rel=\"canonical\" href=\"https:\/\/beyondetfspro.com\/fr\/about-us\/\" \/>\n<meta property=\"og:locale\" content=\"fr_FR\" \/>\n<meta property=\"og:type\" content=\"article\" \/>\n<meta property=\"og:title\" content=\"About Us\" \/>\n<meta property=\"og:description\" content=\"The systems, products, and services of BeyondETFs are the result of a nearly decade-long collaboration between two brothers with a personal mission to improve the performance of their own portfolios. They are driven to share that success and that methodology with as many retail investors as possible. Wilfred Brockmann, CEO of Brockmann Analytics &amp; Trading, [&hellip;]\" \/>\n<meta property=\"og:url\" content=\"https:\/\/beyondetfspro.com\/fr\/about-us\/\" \/>\n<meta property=\"og:site_name\" content=\"Beyond ETFs Pro\" \/>\n<meta property=\"article:modified_time\" content=\"2026-01-31T20:44:52+00:00\" \/>\n<meta name=\"twitter:card\" content=\"summary_large_image\" \/>\n<meta name=\"twitter:label1\" content=\"Dur\u00e9e de lecture estim\u00e9e\" \/>\n\t<meta name=\"twitter:data1\" content=\"2 minutes\" \/>\n<script type=\"application\/ld+json\" class=\"yoast-schema-graph\">{\"@context\":\"https:\/\/schema.org\",\"@graph\":[{\"@type\":\"WebPage\",\"@id\":\"https:\/\/beyondetfspro.com\/about-us\/\",\"url\":\"https:\/\/beyondetfspro.com\/about-us\/\",\"name\":\"About Us - Beyond ETFs Pro\",\"isPartOf\":{\"@id\":\"https:\/\/beyondetfspro.com\/#website\"},\"datePublished\":\"2023-11-09T22:54:17+00:00\",\"dateModified\":\"2026-01-31T20:44:52+00:00\",\"breadcrumb\":{\"@id\":\"https:\/\/beyondetfspro.com\/about-us\/#breadcrumb\"},\"inLanguage\":\"fr-FR\",\"potentialAction\":[{\"@type\":\"ReadAction\",\"target\":[\"https:\/\/beyondetfspro.com\/about-us\/\"]}]},{\"@type\":\"BreadcrumbList\",\"@id\":\"https:\/\/beyondetfspro.com\/about-us\/#breadcrumb\",\"itemListElement\":[{\"@type\":\"ListItem\",\"position\":1,\"name\":\"Home\",\"item\":\"https:\/\/beyondetfspro.com\/\"},{\"@type\":\"ListItem\",\"position\":2,\"name\":\"About Us\"}]},{\"@type\":\"WebSite\",\"@id\":\"https:\/\/beyondetfspro.com\/#website\",\"url\":\"https:\/\/beyondetfspro.com\/\",\"name\":\"Beyond ETFs Pro\",\"description\":\"The future of Investing is here...\",\"publisher\":{\"@id\":\"https:\/\/beyondetfspro.com\/#organization\"},\"potentialAction\":[{\"@type\":\"SearchAction\",\"target\":{\"@type\":\"EntryPoint\",\"urlTemplate\":\"https:\/\/beyondetfspro.com\/?s={search_term_string}\"},\"query-input\":{\"@type\":\"PropertyValueSpecification\",\"valueRequired\":true,\"valueName\":\"search_term_string\"}}],\"inLanguage\":\"fr-FR\"},{\"@type\":\"Organization\",\"@id\":\"https:\/\/beyondetfspro.com\/#organization\",\"name\":\"Beyond ETFs Pro\",\"url\":\"https:\/\/beyondetfspro.com\/\",\"logo\":{\"@type\":\"ImageObject\",\"inLanguage\":\"fr-FR\",\"@id\":\"https:\/\/beyondetfspro.com\/#\/schema\/logo\/image\/\",\"url\":\"https:\/\/beyondetfspro.com\/wp-content\/uploads\/2023\/11\/logo2.png\",\"contentUrl\":\"https:\/\/beyondetfspro.com\/wp-content\/uploads\/2023\/11\/logo2.png\",\"width\":1024,\"height\":1024,\"caption\":\"Beyond ETFs Pro\"},\"image\":{\"@id\":\"https:\/\/beyondetfspro.com\/#\/schema\/logo\/image\/\"},\"sameAs\":[\"https:\/\/www.linkedin.com\/in\/peterbrockmann\/\",\"https:\/\/www.linkedin.com\/in\/wilfred-brockmann-mba-fin-fcsi-b853621a\/\"]}]}<\/script>\n<!-- \/ Yoast SEO Premium plugin. -->","yoast_head_json":{"title":"\u00c0 propos de nous - Beyond ETFs Pro","robots":{"index":"index","follow":"follow","max-snippet":"max-snippet:-1","max-image-preview":"max-image-preview:large","max-video-preview":"max-video-preview:-1"},"canonical":"https:\/\/beyondetfspro.com\/fr\/about-us\/","og_locale":"fr_FR","og_type":"article","og_title":"About Us","og_description":"The systems, products, and services of BeyondETFs are the result of a nearly decade-long collaboration between two brothers with a personal mission to improve the performance of their own portfolios. They are driven to share that success and that methodology with as many retail investors as possible. Wilfred Brockmann, CEO of Brockmann Analytics &amp; Trading, [&hellip;]","og_url":"https:\/\/beyondetfspro.com\/fr\/about-us\/","og_site_name":"Beyond ETFs Pro","article_modified_time":"2026-01-31T20:44:52+00:00","twitter_card":"summary_large_image","twitter_misc":{"Dur\u00e9e de lecture estim\u00e9e":"2 minutes"},"schema":{"@context":"https:\/\/schema.org","@graph":[{"@type":"WebPage","@id":"https:\/\/beyondetfspro.com\/about-us\/","url":"https:\/\/beyondetfspro.com\/about-us\/","name":"\u00c0 propos de nous - Beyond ETFs Pro","isPartOf":{"@id":"https:\/\/beyondetfspro.com\/#website"},"datePublished":"2023-11-09T22:54:17+00:00","dateModified":"2026-01-31T20:44:52+00:00","breadcrumb":{"@id":"https:\/\/beyondetfspro.com\/about-us\/#breadcrumb"},"inLanguage":"fr-FR","potentialAction":[{"@type":"ReadAction","target":["https:\/\/beyondetfspro.com\/about-us\/"]}]},{"@type":"BreadcrumbList","@id":"https:\/\/beyondetfspro.com\/about-us\/#breadcrumb","itemListElement":[{"@type":"ListItem","position":1,"name":"Home","item":"https:\/\/beyondetfspro.com\/"},{"@type":"ListItem","position":2,"name":"About Us"}]},{"@type":"WebSite","@id":"https:\/\/beyondetfspro.com\/#website","url":"https:\/\/beyondetfspro.com\/","name":"Au-del\u00e0 des ETF Pro","description":"L'avenir de l'investissement est l\u00e0...","publisher":{"@id":"https:\/\/beyondetfspro.com\/#organization"},"potentialAction":[{"@type":"SearchAction","target":{"@type":"EntryPoint","urlTemplate":"https:\/\/beyondetfspro.com\/?s={search_term_string}"},"query-input":{"@type":"PropertyValueSpecification","valueRequired":true,"valueName":"search_term_string"}}],"inLanguage":"fr-FR"},{"@type":"Organization","@id":"https:\/\/beyondetfspro.com\/#organization","name":"Au-del\u00e0 des ETF Pro","url":"https:\/\/beyondetfspro.com\/","logo":{"@type":"ImageObject","inLanguage":"fr-FR","@id":"https:\/\/beyondetfspro.com\/#\/schema\/logo\/image\/","url":"https:\/\/beyondetfspro.com\/wp-content\/uploads\/2023\/11\/logo2.png","contentUrl":"https:\/\/beyondetfspro.com\/wp-content\/uploads\/2023\/11\/logo2.png","width":1024,"height":1024,"caption":"Beyond ETFs Pro"},"image":{"@id":"https:\/\/beyondetfspro.com\/#\/schema\/logo\/image\/"},"sameAs":["https:\/\/www.linkedin.com\/in\/peterbrockmann\/","https:\/\/www.linkedin.com\/in\/wilfred-brockmann-mba-fin-fcsi-b853621a\/"]}]}},"_links":{"self":[{"href":"https:\/\/beyondetfspro.com\/fr\/wp-json\/wp\/v2\/pages\/170","targetHints":{"allow":["GET"]}}],"collection":[{"href":"https:\/\/beyondetfspro.com\/fr\/wp-json\/wp\/v2\/pages"}],"about":[{"href":"https:\/\/beyondetfspro.com\/fr\/wp-json\/wp\/v2\/types\/page"}],"author":[{"embeddable":true,"href":"https:\/\/beyondetfspro.com\/fr\/wp-json\/wp\/v2\/users\/1"}],"replies":[{"embeddable":true,"href":"https:\/\/beyondetfspro.com\/fr\/wp-json\/wp\/v2\/comments?post=170"}],"version-history":[{"count":26,"href":"https:\/\/beyondetfspro.com\/fr\/wp-json\/wp\/v2\/pages\/170\/revisions"}],"predecessor-version":[{"id":651,"href":"https:\/\/beyondetfspro.com\/fr\/wp-json\/wp\/v2\/pages\/170\/revisions\/651"}],"wp:attachment":[{"href":"https:\/\/beyondetfspro.com\/fr\/wp-json\/wp\/v2\/media?parent=170"}],"curies":[{"name":"wp","href":"https:\/\/api.w.org\/{rel}","templated":true}]}}