{"id":18,"date":"2023-11-01T07:45:04","date_gmt":"2023-11-01T11:45:04","guid":{"rendered":"https:\/\/beyondetfspro.com\/?page_id=18"},"modified":"2024-11-16T14:26:39","modified_gmt":"2024-11-16T19:26:39","slug":"financial-white-papers-articles-blog-post","status":"publish","type":"page","link":"https:\/\/beyondetfspro.com\/fr\/financial-white-papers-articles-blog-post\/","title":{"rendered":"Livres blancs, etc."},"content":{"rendered":"<p>Les livres blancs sont des articles gratuits et faciles \u00e0 assimiler, de longueur variable, format\u00e9s pour la portabilit\u00e9 sous forme de PDF :<\/p>\n<ul>\n<li><a href=\"https:\/\/beyondetfspro.com\/wp-content\/uploads\/2023\/11\/My-Investment-Process-BAT-2021.pdf\" rel=\"attachment wp-att-239\">Mon processus d'investissement BAT 2021<\/a><\/li>\n<li><a href=\"https:\/\/beyondetfspro.com\/wp-content\/uploads\/2023\/11\/BrockmannMethodAdvisor_2021.pdf\" rel=\"attachment wp-att-237\">BrockmannMethodAdvisor_2021<\/a><\/li>\n<li><a href=\"https:\/\/beyondetfspro.com\/wp-content\/uploads\/2023\/11\/Brockmann_SDF@BeyondETFs.pdf\" rel=\"attachment wp-att-278\">Brockmann_SDF@BeyondETFs<\/a><\/li>\n<li><a href=\"https:\/\/beyondetfspro.com\/wp-content\/uploads\/2023\/11\/BrockmannMethod_121217_ES-1.pdf\" rel=\"attachment wp-att-238\">M\u00e9thode Brockmann_121217_ES (1)<\/a><\/li>\n<\/ul>\n\n\n<p>Ce livre, en revanche, est un r\u00e9cit complet. Publi\u00e9 en novembre 2024, Wilfred Brockmann partage son point de vue sur l'\u00e9volution de l'investissement. <\/p>\n\n\n\n<h2 class=\"wp-block-heading\" id=\"h-the-future-of-investing-is-here\"><a href=\"https:\/\/www.amazon.com\/Future-Investing-Here-learnt-markets\/dp\/B0DL4SF5XY\" target=\"_new\">L'avenir de l'investissement est l\u00e0<\/a><\/h2>\n\n\n\n<p>Dans \"The Future of Investing is Here\", Wilf Brockmann propose une exploration captivante et stimulante des principes d'investissement intemporels de figures l\u00e9gendaires telles que Jess Livermore, John M. Keynes et Albert Einstein. Les strat\u00e9gies de Brockmann sont examin\u00e9es en d\u00e9tail et int\u00e9gr\u00e9es dans l'application mobile \"Beyond ETFs Pro\", qui fournit des strat\u00e9gies pratiques pour naviguer dans le paysage financier d'aujourd'hui. Cette application se distingue par le fait qu'elle fournit les deux informations les plus importantes dont un investisseur a besoin : quoi acheter et quand vendre \u00e0 partir du S&amp;P 100. <\/p>\n\n\n\n<p>Ses principes soulignent l'importance de la discipline, de l'objectivit\u00e9, de l'adaptabilit\u00e9 et d'une perspective claire lors de la prise de d\u00e9cisions d'investissement. En s'inspirant de la sagesse de Livermore, Keynes et Einstein, ainsi que de sa propre exp\u00e9rience, Brockmann offre aux lecteurs un cadre complet pour r\u00e9ussir \u00e0 long terme dans un environnement de march\u00e9 en constante \u00e9volution. Ce livre constitue une ressource pr\u00e9cieuse pour les investisseurs qui cherchent \u00e0 am\u00e9liorer leur approche des finances personnelles et des strat\u00e9gies d'investissement. Il est recommand\u00e9 \u00e0 ceux qui cherchent \u00e0 cultiver un \u00e9tat d'esprit plus inform\u00e9, plus disciplin\u00e9 et plus adaptable en mati\u00e8re d'investissement. <\/p>\n\n\n\n<p>Dans l'ensemble, \"The Future of Investing is Here\" est un guide convaincant qui encourage les lecteurs \u00e0 adopter une approche attentive et proactive pour naviguer dans les complexit\u00e9s de la finance moderne, ce qui conduira \u00e0 des strat\u00e9gies cibl\u00e9es et \u00e9prouv\u00e9es, \u00e0 des rendements accrus, \u00e0 moins de stress et \u00e0 une plus grande prosp\u00e9rit\u00e9.<\/p>\n\n\n\n<p><\/p>","protected":false},"excerpt":{"rendered":"<p>White papers are free and easy to digest articles of varying lengths, formatted for portability as PDFs: My Investment Process BAT 2021 BrockmannMethodAdvisor_2021 Brockmann_SDF@BeyondETFs BrockmannMethod_121217_ES (1) This book, on the other hand, is a full length narrative. Published in November 2024, Wilfred Brockmann shares his insights on where Investing is headed. The Future of Investing [&hellip;]<\/p>","protected":false},"author":1,"featured_media":0,"parent":0,"menu_order":0,"comment_status":"closed","ping_status":"closed","template":"","meta":{"footnotes":""},"class_list":["post-18","page","type-page","status-publish","hentry"],"yoast_head":"<!-- This site is optimized with the Yoast SEO Premium plugin v23.8 (Yoast SEO v26.7) - https:\/\/yoast.com\/wordpress\/plugins\/seo\/ -->\n<title>White Papers etc - Beyond ETFs Pro<\/title>\n<meta name=\"robots\" content=\"index, follow, max-snippet:-1, max-image-preview:large, max-video-preview:-1\" \/>\n<link rel=\"canonical\" href=\"https:\/\/beyondetfspro.com\/fr\/financial-white-papers-articles-blog-post\/\" \/>\n<meta property=\"og:locale\" content=\"fr_FR\" \/>\n<meta property=\"og:type\" content=\"article\" \/>\n<meta property=\"og:title\" content=\"White Papers etc\" \/>\n<meta property=\"og:description\" content=\"White papers are free and easy to digest articles of varying lengths, formatted for portability as PDFs: My Investment Process BAT 2021 BrockmannMethodAdvisor_2021 Brockmann_SDF@BeyondETFs BrockmannMethod_121217_ES (1) This book, on the other hand, is a full length narrative. Published in November 2024, Wilfred Brockmann shares his insights on where Investing is headed. The Future of Investing [&hellip;]\" \/>\n<meta property=\"og:url\" content=\"https:\/\/beyondetfspro.com\/fr\/financial-white-papers-articles-blog-post\/\" \/>\n<meta property=\"og:site_name\" content=\"Beyond ETFs Pro\" \/>\n<meta property=\"article:modified_time\" content=\"2024-11-16T19:26:39+00:00\" \/>\n<meta name=\"twitter:card\" content=\"summary_large_image\" \/>\n<meta name=\"twitter:label1\" content=\"Dur\u00e9e de lecture estim\u00e9e\" \/>\n\t<meta name=\"twitter:data1\" content=\"2 minutes\" \/>\n<script type=\"application\/ld+json\" class=\"yoast-schema-graph\">{\"@context\":\"https:\/\/schema.org\",\"@graph\":[{\"@type\":\"WebPage\",\"@id\":\"https:\/\/beyondetfspro.com\/financial-white-papers-articles-blog-post\/\",\"url\":\"https:\/\/beyondetfspro.com\/financial-white-papers-articles-blog-post\/\",\"name\":\"White Papers etc - Beyond ETFs Pro\",\"isPartOf\":{\"@id\":\"https:\/\/beyondetfspro.com\/#website\"},\"datePublished\":\"2023-11-01T11:45:04+00:00\",\"dateModified\":\"2024-11-16T19:26:39+00:00\",\"breadcrumb\":{\"@id\":\"https:\/\/beyondetfspro.com\/financial-white-papers-articles-blog-post\/#breadcrumb\"},\"inLanguage\":\"fr-FR\",\"potentialAction\":[{\"@type\":\"ReadAction\",\"target\":[\"https:\/\/beyondetfspro.com\/financial-white-papers-articles-blog-post\/\"]}]},{\"@type\":\"BreadcrumbList\",\"@id\":\"https:\/\/beyondetfspro.com\/financial-white-papers-articles-blog-post\/#breadcrumb\",\"itemListElement\":[{\"@type\":\"ListItem\",\"position\":1,\"name\":\"Home\",\"item\":\"https:\/\/beyondetfspro.com\/\"},{\"@type\":\"ListItem\",\"position\":2,\"name\":\"White Papers etc\"}]},{\"@type\":\"WebSite\",\"@id\":\"https:\/\/beyondetfspro.com\/#website\",\"url\":\"https:\/\/beyondetfspro.com\/\",\"name\":\"Beyond ETFs Pro\",\"description\":\"The future of Investing is here...\",\"publisher\":{\"@id\":\"https:\/\/beyondetfspro.com\/#organization\"},\"potentialAction\":[{\"@type\":\"SearchAction\",\"target\":{\"@type\":\"EntryPoint\",\"urlTemplate\":\"https:\/\/beyondetfspro.com\/?s={search_term_string}\"},\"query-input\":{\"@type\":\"PropertyValueSpecification\",\"valueRequired\":true,\"valueName\":\"search_term_string\"}}],\"inLanguage\":\"fr-FR\"},{\"@type\":\"Organization\",\"@id\":\"https:\/\/beyondetfspro.com\/#organization\",\"name\":\"Beyond ETFs Pro\",\"url\":\"https:\/\/beyondetfspro.com\/\",\"logo\":{\"@type\":\"ImageObject\",\"inLanguage\":\"fr-FR\",\"@id\":\"https:\/\/beyondetfspro.com\/#\/schema\/logo\/image\/\",\"url\":\"https:\/\/beyondetfspro.com\/wp-content\/uploads\/2023\/11\/logo2.png\",\"contentUrl\":\"https:\/\/beyondetfspro.com\/wp-content\/uploads\/2023\/11\/logo2.png\",\"width\":1024,\"height\":1024,\"caption\":\"Beyond ETFs Pro\"},\"image\":{\"@id\":\"https:\/\/beyondetfspro.com\/#\/schema\/logo\/image\/\"},\"sameAs\":[\"https:\/\/www.linkedin.com\/in\/peterbrockmann\/\",\"https:\/\/www.linkedin.com\/in\/wilfred-brockmann-mba-fin-fcsi-b853621a\/\"]}]}<\/script>\n<!-- \/ Yoast SEO Premium plugin. -->","yoast_head_json":{"title":"White Papers etc - Beyond ETFs Pro","robots":{"index":"index","follow":"follow","max-snippet":"max-snippet:-1","max-image-preview":"max-image-preview:large","max-video-preview":"max-video-preview:-1"},"canonical":"https:\/\/beyondetfspro.com\/fr\/financial-white-papers-articles-blog-post\/","og_locale":"fr_FR","og_type":"article","og_title":"White Papers etc","og_description":"White papers are free and easy to digest articles of varying lengths, formatted for portability as PDFs: My Investment Process BAT 2021 BrockmannMethodAdvisor_2021 Brockmann_SDF@BeyondETFs BrockmannMethod_121217_ES (1) This book, on the other hand, is a full length narrative. Published in November 2024, Wilfred Brockmann shares his insights on where Investing is headed. The Future of Investing [&hellip;]","og_url":"https:\/\/beyondetfspro.com\/fr\/financial-white-papers-articles-blog-post\/","og_site_name":"Beyond ETFs Pro","article_modified_time":"2024-11-16T19:26:39+00:00","twitter_card":"summary_large_image","twitter_misc":{"Dur\u00e9e de lecture estim\u00e9e":"2 minutes"},"schema":{"@context":"https:\/\/schema.org","@graph":[{"@type":"WebPage","@id":"https:\/\/beyondetfspro.com\/financial-white-papers-articles-blog-post\/","url":"https:\/\/beyondetfspro.com\/financial-white-papers-articles-blog-post\/","name":"White Papers etc - Beyond ETFs Pro","isPartOf":{"@id":"https:\/\/beyondetfspro.com\/#website"},"datePublished":"2023-11-01T11:45:04+00:00","dateModified":"2024-11-16T19:26:39+00:00","breadcrumb":{"@id":"https:\/\/beyondetfspro.com\/financial-white-papers-articles-blog-post\/#breadcrumb"},"inLanguage":"fr-FR","potentialAction":[{"@type":"ReadAction","target":["https:\/\/beyondetfspro.com\/financial-white-papers-articles-blog-post\/"]}]},{"@type":"BreadcrumbList","@id":"https:\/\/beyondetfspro.com\/financial-white-papers-articles-blog-post\/#breadcrumb","itemListElement":[{"@type":"ListItem","position":1,"name":"Home","item":"https:\/\/beyondetfspro.com\/"},{"@type":"ListItem","position":2,"name":"White Papers etc"}]},{"@type":"WebSite","@id":"https:\/\/beyondetfspro.com\/#website","url":"https:\/\/beyondetfspro.com\/","name":"Au-del\u00e0 des ETF Pro","description":"L'avenir de l'investissement est l\u00e0...","publisher":{"@id":"https:\/\/beyondetfspro.com\/#organization"},"potentialAction":[{"@type":"SearchAction","target":{"@type":"EntryPoint","urlTemplate":"https:\/\/beyondetfspro.com\/?s={search_term_string}"},"query-input":{"@type":"PropertyValueSpecification","valueRequired":true,"valueName":"search_term_string"}}],"inLanguage":"fr-FR"},{"@type":"Organization","@id":"https:\/\/beyondetfspro.com\/#organization","name":"Au-del\u00e0 des ETF Pro","url":"https:\/\/beyondetfspro.com\/","logo":{"@type":"ImageObject","inLanguage":"fr-FR","@id":"https:\/\/beyondetfspro.com\/#\/schema\/logo\/image\/","url":"https:\/\/beyondetfspro.com\/wp-content\/uploads\/2023\/11\/logo2.png","contentUrl":"https:\/\/beyondetfspro.com\/wp-content\/uploads\/2023\/11\/logo2.png","width":1024,"height":1024,"caption":"Beyond ETFs Pro"},"image":{"@id":"https:\/\/beyondetfspro.com\/#\/schema\/logo\/image\/"},"sameAs":["https:\/\/www.linkedin.com\/in\/peterbrockmann\/","https:\/\/www.linkedin.com\/in\/wilfred-brockmann-mba-fin-fcsi-b853621a\/"]}]}},"_links":{"self":[{"href":"https:\/\/beyondetfspro.com\/fr\/wp-json\/wp\/v2\/pages\/18","targetHints":{"allow":["GET"]}}],"collection":[{"href":"https:\/\/beyondetfspro.com\/fr\/wp-json\/wp\/v2\/pages"}],"about":[{"href":"https:\/\/beyondetfspro.com\/fr\/wp-json\/wp\/v2\/types\/page"}],"author":[{"embeddable":true,"href":"https:\/\/beyondetfspro.com\/fr\/wp-json\/wp\/v2\/users\/1"}],"replies":[{"embeddable":true,"href":"https:\/\/beyondetfspro.com\/fr\/wp-json\/wp\/v2\/comments?post=18"}],"version-history":[{"count":23,"href":"https:\/\/beyondetfspro.com\/fr\/wp-json\/wp\/v2\/pages\/18\/revisions"}],"predecessor-version":[{"id":619,"href":"https:\/\/beyondetfspro.com\/fr\/wp-json\/wp\/v2\/pages\/18\/revisions\/619"}],"wp:attachment":[{"href":"https:\/\/beyondetfspro.com\/fr\/wp-json\/wp\/v2\/media?parent=18"}],"curies":[{"name":"wp","href":"https:\/\/api.w.org\/{rel}","templated":true}]}}