{"id":16,"date":"2023-11-01T07:44:50","date_gmt":"2023-11-01T11:44:50","guid":{"rendered":"https:\/\/beyondetfspro.com\/?page_id=16"},"modified":"2024-10-13T16:03:35","modified_gmt":"2024-10-13T20:03:35","slug":"how-we-pick-them","status":"publish","type":"page","link":"https:\/\/beyondetfspro.com\/it\/how-we-pick-them\/","title":{"rendered":"Come li scegliamo"},"content":{"rendered":"<p>Utilizziamo il \"Price Momentum\", una misura del flusso di denaro in entrata e in uscita da questi titoli e del modo in cui tale flusso si confronta con il passato. \u00a0<\/p>\n<blockquote>\n<p><em>Le ricerche mostrano che un titolo che ha registrato un aumento di prezzo negli ultimi sei-dodici mesi \u00e8 probabile che continui ad aumentare nei prossimi sei-dodici mesi. Allo stesso modo, un titolo il cui prezzo \u00e8 diminuito negli ultimi sei-dodici mesi \u00e8 probabile che continui a diminuire nei prossimi sei-dodici mesi. <\/em><\/p>\n<\/blockquote>\n<p>Calcoliamo il momentum dei prezzi e poi ordiniamo i titoli dello S&amp;P 100 dal momentum pi\u00f9 alto a quello pi\u00f9 basso. Abbiamo scelto l'S&amp;P 100 perch\u00e9 si tratta delle aziende pi\u00f9 grandi e migliori d'America (e probabilmente del mondo). Le norme e i regolamenti finanziari che devono rispettare sono i pi\u00f9 severi per gli investitori al dettaglio di tutto il mondo. Sono ben gestite e ben capitalizzate. Sono leader nei rispettivi settori. Sono marchi famosi: li conoscete tutti.<\/p>\n<p>Quindi segmentiamo la quotazione in tre zone: la Zona di acquisto, la Zona di non acquisto e la Zona da evitare. Il confine tra la Zona di non acquisto e la Zona da evitare \u00e8 la Soglia di vendita.\u00a0<\/p>\n<p>Gli utenti che acquistano per la prima volta i titoli nella Zona di acquisto. Nel corso del tempo, i titoli si confrontano con i loro concorrenti nell'indice e i prezzi salgono e scendono, cos\u00ec come la dinamica dei prezzi dei titoli. Alla fine, il titolo cade nella Zona da evitare. A quel punto, segnaliamo ai nostri abbonati che possiedono quel titolo che \u00e8 giunto il momento di venderlo.\u00a0<\/p>\n<p>Lo vendono, rimuovono il suo riferimento di tracciamento dall'app e poi acquistano il titolo successivo pi\u00f9 alto in classifica nella Buy Zone che non possiedono gi\u00e0.<\/p>\n<p>Questo \u00e8 il cuore di Beyond ETFs Pro e il motivo per cui diciamo che il futuro degli investimenti \u00e8 qui. Avete il controllo totale del vostro futuro finanziario.\u00a0<\/p>\n<p>Funziona. E funziona molto bene. \u00c8 stato dimostrato che il Metodo Brockmann, applicato diligentemente, ha generato un rendimento 7 volte superiore a quello dell'S&amp;P 100 dal 2007 (fino a ottobre 2024).<\/p>\n<p>BeyondETFs \u00e8 una metodologia basata su regole, comprovata ed elegante per battere l'indice. Acquistare il titolo giusto \u00e8 solo met\u00e0 dell'equazione del successo.  Sapere quando vendere \u00e8 l'altra.  I nostri abbonati imparano entrambe le cose con Beyond ETFs Pro.<\/p>\n\n\n<p><\/p>","protected":false},"excerpt":{"rendered":"<p>We use \u201cPrice Momentum\u201d \u2013 a measure of the flow of money into and out of these stocks and how that flow compares to the past. \u00a0 Research shows a stock that has been increasing in price over the last six to twelve months is likely to continue to increase in price over the next [&hellip;]<\/p>","protected":false},"author":2,"featured_media":0,"parent":0,"menu_order":0,"comment_status":"closed","ping_status":"closed","template":"","meta":{"footnotes":""},"class_list":["post-16","page","type-page","status-publish","hentry"],"yoast_head":"<!-- This site is optimized with the Yoast SEO Premium plugin v23.8 (Yoast SEO v26.7) - https:\/\/yoast.com\/wordpress\/plugins\/seo\/ -->\n<title>How We Pick Them - Beyond ETFs Pro<\/title>\n<meta name=\"robots\" content=\"index, follow, max-snippet:-1, max-image-preview:large, max-video-preview:-1\" \/>\n<link rel=\"canonical\" href=\"https:\/\/beyondetfspro.com\/it\/how-we-pick-them\/\" \/>\n<meta property=\"og:locale\" content=\"it_IT\" \/>\n<meta property=\"og:type\" content=\"article\" \/>\n<meta property=\"og:title\" content=\"How We Pick Them\" \/>\n<meta property=\"og:description\" content=\"We use \u201cPrice Momentum\u201d \u2013 a measure of the flow of money into and out of these stocks and how that flow compares to the past. \u00a0 Research shows a stock that has been increasing in price over the last six to twelve months is likely to continue to increase in price over the next [&hellip;]\" \/>\n<meta property=\"og:url\" content=\"https:\/\/beyondetfspro.com\/it\/how-we-pick-them\/\" \/>\n<meta property=\"og:site_name\" content=\"Beyond ETFs Pro\" \/>\n<meta property=\"article:modified_time\" content=\"2024-10-13T20:03:35+00:00\" \/>\n<meta name=\"twitter:card\" content=\"summary_large_image\" \/>\n<meta name=\"twitter:label1\" content=\"Tempo di lettura stimato\" \/>\n\t<meta name=\"twitter:data1\" content=\"2 minuti\" \/>\n<script type=\"application\/ld+json\" class=\"yoast-schema-graph\">{\"@context\":\"https:\/\/schema.org\",\"@graph\":[{\"@type\":\"WebPage\",\"@id\":\"https:\/\/beyondetfspro.com\/how-we-pick-them\/\",\"url\":\"https:\/\/beyondetfspro.com\/how-we-pick-them\/\",\"name\":\"How We Pick Them - Beyond ETFs Pro\",\"isPartOf\":{\"@id\":\"https:\/\/beyondetfspro.com\/#website\"},\"datePublished\":\"2023-11-01T11:44:50+00:00\",\"dateModified\":\"2024-10-13T20:03:35+00:00\",\"breadcrumb\":{\"@id\":\"https:\/\/beyondetfspro.com\/how-we-pick-them\/#breadcrumb\"},\"inLanguage\":\"it-IT\",\"potentialAction\":[{\"@type\":\"ReadAction\",\"target\":[\"https:\/\/beyondetfspro.com\/how-we-pick-them\/\"]}]},{\"@type\":\"BreadcrumbList\",\"@id\":\"https:\/\/beyondetfspro.com\/how-we-pick-them\/#breadcrumb\",\"itemListElement\":[{\"@type\":\"ListItem\",\"position\":1,\"name\":\"Home\",\"item\":\"https:\/\/beyondetfspro.com\/\"},{\"@type\":\"ListItem\",\"position\":2,\"name\":\"How We Pick Them\"}]},{\"@type\":\"WebSite\",\"@id\":\"https:\/\/beyondetfspro.com\/#website\",\"url\":\"https:\/\/beyondetfspro.com\/\",\"name\":\"Beyond ETFs Pro\",\"description\":\"The future of Investing is here...\",\"publisher\":{\"@id\":\"https:\/\/beyondetfspro.com\/#organization\"},\"potentialAction\":[{\"@type\":\"SearchAction\",\"target\":{\"@type\":\"EntryPoint\",\"urlTemplate\":\"https:\/\/beyondetfspro.com\/?s={search_term_string}\"},\"query-input\":{\"@type\":\"PropertyValueSpecification\",\"valueRequired\":true,\"valueName\":\"search_term_string\"}}],\"inLanguage\":\"it-IT\"},{\"@type\":\"Organization\",\"@id\":\"https:\/\/beyondetfspro.com\/#organization\",\"name\":\"Beyond ETFs Pro\",\"url\":\"https:\/\/beyondetfspro.com\/\",\"logo\":{\"@type\":\"ImageObject\",\"inLanguage\":\"it-IT\",\"@id\":\"https:\/\/beyondetfspro.com\/#\/schema\/logo\/image\/\",\"url\":\"https:\/\/beyondetfspro.com\/wp-content\/uploads\/2023\/11\/logo2.png\",\"contentUrl\":\"https:\/\/beyondetfspro.com\/wp-content\/uploads\/2023\/11\/logo2.png\",\"width\":1024,\"height\":1024,\"caption\":\"Beyond ETFs Pro\"},\"image\":{\"@id\":\"https:\/\/beyondetfspro.com\/#\/schema\/logo\/image\/\"},\"sameAs\":[\"https:\/\/www.linkedin.com\/in\/peterbrockmann\/\",\"https:\/\/www.linkedin.com\/in\/wilfred-brockmann-mba-fin-fcsi-b853621a\/\"]}]}<\/script>\n<!-- \/ Yoast SEO Premium plugin. -->","yoast_head_json":{"title":"How We Pick Them - Beyond ETFs Pro","robots":{"index":"index","follow":"follow","max-snippet":"max-snippet:-1","max-image-preview":"max-image-preview:large","max-video-preview":"max-video-preview:-1"},"canonical":"https:\/\/beyondetfspro.com\/it\/how-we-pick-them\/","og_locale":"it_IT","og_type":"article","og_title":"How We Pick Them","og_description":"We use \u201cPrice Momentum\u201d \u2013 a measure of the flow of money into and out of these stocks and how that flow compares to the past. \u00a0 Research shows a stock that has been increasing in price over the last six to twelve months is likely to continue to increase in price over the next [&hellip;]","og_url":"https:\/\/beyondetfspro.com\/it\/how-we-pick-them\/","og_site_name":"Beyond ETFs Pro","article_modified_time":"2024-10-13T20:03:35+00:00","twitter_card":"summary_large_image","twitter_misc":{"Tempo di lettura stimato":"2 minuti"},"schema":{"@context":"https:\/\/schema.org","@graph":[{"@type":"WebPage","@id":"https:\/\/beyondetfspro.com\/how-we-pick-them\/","url":"https:\/\/beyondetfspro.com\/how-we-pick-them\/","name":"How We Pick Them - Beyond ETFs Pro","isPartOf":{"@id":"https:\/\/beyondetfspro.com\/#website"},"datePublished":"2023-11-01T11:44:50+00:00","dateModified":"2024-10-13T20:03:35+00:00","breadcrumb":{"@id":"https:\/\/beyondetfspro.com\/how-we-pick-them\/#breadcrumb"},"inLanguage":"it-IT","potentialAction":[{"@type":"ReadAction","target":["https:\/\/beyondetfspro.com\/how-we-pick-them\/"]}]},{"@type":"BreadcrumbList","@id":"https:\/\/beyondetfspro.com\/how-we-pick-them\/#breadcrumb","itemListElement":[{"@type":"ListItem","position":1,"name":"Home","item":"https:\/\/beyondetfspro.com\/"},{"@type":"ListItem","position":2,"name":"How We Pick Them"}]},{"@type":"WebSite","@id":"https:\/\/beyondetfspro.com\/#website","url":"https:\/\/beyondetfspro.com\/","name":"Oltre gli ETF Pro","description":"Il futuro degli investimenti \u00e8 qui...","publisher":{"@id":"https:\/\/beyondetfspro.com\/#organization"},"potentialAction":[{"@type":"SearchAction","target":{"@type":"EntryPoint","urlTemplate":"https:\/\/beyondetfspro.com\/?s={search_term_string}"},"query-input":{"@type":"PropertyValueSpecification","valueRequired":true,"valueName":"search_term_string"}}],"inLanguage":"it-IT"},{"@type":"Organization","@id":"https:\/\/beyondetfspro.com\/#organization","name":"Oltre gli ETF Pro","url":"https:\/\/beyondetfspro.com\/","logo":{"@type":"ImageObject","inLanguage":"it-IT","@id":"https:\/\/beyondetfspro.com\/#\/schema\/logo\/image\/","url":"https:\/\/beyondetfspro.com\/wp-content\/uploads\/2023\/11\/logo2.png","contentUrl":"https:\/\/beyondetfspro.com\/wp-content\/uploads\/2023\/11\/logo2.png","width":1024,"height":1024,"caption":"Beyond ETFs Pro"},"image":{"@id":"https:\/\/beyondetfspro.com\/#\/schema\/logo\/image\/"},"sameAs":["https:\/\/www.linkedin.com\/in\/peterbrockmann\/","https:\/\/www.linkedin.com\/in\/wilfred-brockmann-mba-fin-fcsi-b853621a\/"]}]}},"_links":{"self":[{"href":"https:\/\/beyondetfspro.com\/it\/wp-json\/wp\/v2\/pages\/16","targetHints":{"allow":["GET"]}}],"collection":[{"href":"https:\/\/beyondetfspro.com\/it\/wp-json\/wp\/v2\/pages"}],"about":[{"href":"https:\/\/beyondetfspro.com\/it\/wp-json\/wp\/v2\/types\/page"}],"author":[{"embeddable":true,"href":"https:\/\/beyondetfspro.com\/it\/wp-json\/wp\/v2\/users\/2"}],"replies":[{"embeddable":true,"href":"https:\/\/beyondetfspro.com\/it\/wp-json\/wp\/v2\/comments?post=16"}],"version-history":[{"count":29,"href":"https:\/\/beyondetfspro.com\/it\/wp-json\/wp\/v2\/pages\/16\/revisions"}],"predecessor-version":[{"id":550,"href":"https:\/\/beyondetfspro.com\/it\/wp-json\/wp\/v2\/pages\/16\/revisions\/550"}],"wp:attachment":[{"href":"https:\/\/beyondetfspro.com\/it\/wp-json\/wp\/v2\/media?parent=16"}],"curies":[{"name":"wp","href":"https:\/\/api.w.org\/{rel}","templated":true}]}}