{"id":18,"date":"2023-11-01T07:45:04","date_gmt":"2023-11-01T11:45:04","guid":{"rendered":"https:\/\/beyondetfspro.com\/?page_id=18"},"modified":"2024-11-16T14:26:39","modified_gmt":"2024-11-16T19:26:39","slug":"financial-white-papers-articles-blog-post","status":"publish","type":"page","link":"https:\/\/beyondetfspro.com\/it\/financial-white-papers-articles-blog-post\/","title":{"rendered":"Libri bianchi, ecc."},"content":{"rendered":"<p>I white paper sono articoli gratuiti e facili da digerire, di lunghezza variabile, formattati in PDF per essere trasportati:<\/p>\n<ul>\n<li><a href=\"https:\/\/beyondetfspro.com\/wp-content\/uploads\/2023\/11\/My-Investment-Process-BAT-2021.pdf\" rel=\"attachment wp-att-239\">Il mio processo di investimento BAT 2021<\/a><\/li>\n<li><a href=\"https:\/\/beyondetfspro.com\/wp-content\/uploads\/2023\/11\/BrockmannMethodAdvisor_2021.pdf\" rel=\"attachment wp-att-237\">BrockmannMethodAdvisor_2021<\/a><\/li>\n<li><a href=\"https:\/\/beyondetfspro.com\/wp-content\/uploads\/2023\/11\/Brockmann_SDF@BeyondETFs.pdf\" rel=\"attachment wp-att-278\">Brockmann_SDF@BeyondETFs<\/a><\/li>\n<li><a href=\"https:\/\/beyondetfspro.com\/wp-content\/uploads\/2023\/11\/BrockmannMethod_121217_ES-1.pdf\" rel=\"attachment wp-att-238\">Metodo Brockmann_121217_ES (1)<\/a><\/li>\n<\/ul>\n\n\n<p>Questo libro, invece, \u00e8 un racconto completo. Pubblicato nel novembre 2024, Wilfred Brockmann condivide le sue intuizioni sulla direzione che sta prendendo l'investimento. <\/p>\n\n\n\n<h2 class=\"wp-block-heading\" id=\"h-the-future-of-investing-is-here\"><a href=\"https:\/\/www.amazon.com\/Future-Investing-Here-learnt-markets\/dp\/B0DL4SF5XY\" target=\"_new\">Il futuro degli investimenti \u00e8 qui<\/a><\/h2>\n\n\n\n<p>In \"Il futuro degli investimenti \u00e8 qui\", Wilf Brockmann offre un'esplorazione accattivante e stimolante dei principi di investimento senza tempo di figure leggendarie come Jess Livermore, John M. Keynes e Albert Einstein. Le strategie di Brockmann sono discusse in dettaglio e integrate nell'applicazione mobile \"Beyond ETFs Pro\", che fornisce strategie pratiche per navigare nel panorama finanziario odierno. Ci\u00f2 che distingue questa applicazione \u00e8 che fornisce le due informazioni pi\u00f9 importanti di cui un investitore ha bisogno: cosa comprare e quando vendere dall'S&amp;P 100. <\/p>\n\n\n\n<p>I suoi principi sottolineano l'importanza della disciplina, dell'obiettivit\u00e0, dell'adattabilit\u00e0 e di una prospettiva chiara quando si prendono decisioni di investimento. Attingendo alla saggezza di Livermore, Keynes e Einstein e alle proprie esperienze, Brockmann offre ai lettori un quadro completo per raggiungere il successo a lungo termine in un contesto di mercato in continua evoluzione. Il libro \u00e8 una risorsa preziosa per gli investitori che desiderano migliorare il loro approccio alla finanza personale e alle strategie di investimento. \u00c8 consigliato a chi vuole coltivare una mentalit\u00e0 pi\u00f9 informata, disciplinata e adattabile quando si tratta di investire. <\/p>\n\n\n\n<p>Nel complesso, \"Il futuro degli investimenti \u00e8 qui\" \u00e8 una guida avvincente che incoraggia i lettori ad adottare un approccio consapevole e proattivo per navigare nelle complessit\u00e0 della finanza moderna, che porter\u00e0 a strategie mirate e collaudate nel tempo, a un aumento dei rendimenti, a una riduzione dello stress e a una maggiore prosperit\u00e0.<\/p>\n\n\n\n<p><\/p>","protected":false},"excerpt":{"rendered":"<p>I white paper sono articoli gratuiti e di facile consultazione di varia lunghezza, formattati in formato PDF per essere trasportati: Il mio processo di investimento BAT 2021 BrockmannMethodAdvisor_2021 Brockmann_SDF@BeyondETFs BrockmannMethod_121217_ES (1) Questo libro, invece, \u00e8 un racconto completo. Pubblicato nel novembre 2024, Wilfred Brockmann condivide le sue intuizioni sulla direzione degli investimenti. Il futuro degli investimenti [...]<\/p>","protected":false},"author":1,"featured_media":0,"parent":0,"menu_order":0,"comment_status":"closed","ping_status":"closed","template":"","meta":{"footnotes":""},"class_list":["post-18","page","type-page","status-publish","hentry"],"yoast_head":"<!-- This site is optimized with the Yoast SEO Premium plugin v23.8 (Yoast SEO v26.7) - https:\/\/yoast.com\/wordpress\/plugins\/seo\/ -->\n<title>White Papers etc - Beyond ETFs Pro<\/title>\n<meta name=\"robots\" content=\"index, follow, max-snippet:-1, max-image-preview:large, max-video-preview:-1\" \/>\n<link rel=\"canonical\" href=\"https:\/\/beyondetfspro.com\/it\/financial-white-papers-articles-blog-post\/\" \/>\n<meta property=\"og:locale\" content=\"it_IT\" \/>\n<meta property=\"og:type\" content=\"article\" \/>\n<meta property=\"og:title\" content=\"White Papers etc\" \/>\n<meta property=\"og:description\" content=\"White papers are free and easy to digest articles of varying lengths, formatted for portability as PDFs: My Investment Process BAT 2021 BrockmannMethodAdvisor_2021 Brockmann_SDF@BeyondETFs BrockmannMethod_121217_ES (1) This book, on the other hand, is a full length narrative. Published in November 2024, Wilfred Brockmann shares his insights on where Investing is headed. The Future of Investing [&hellip;]\" \/>\n<meta property=\"og:url\" content=\"https:\/\/beyondetfspro.com\/it\/financial-white-papers-articles-blog-post\/\" \/>\n<meta property=\"og:site_name\" content=\"Beyond ETFs Pro\" \/>\n<meta property=\"article:modified_time\" content=\"2024-11-16T19:26:39+00:00\" \/>\n<meta name=\"twitter:card\" content=\"summary_large_image\" \/>\n<meta name=\"twitter:label1\" content=\"Tempo di lettura stimato\" \/>\n\t<meta name=\"twitter:data1\" content=\"2 minuti\" \/>\n<script type=\"application\/ld+json\" class=\"yoast-schema-graph\">{\"@context\":\"https:\/\/schema.org\",\"@graph\":[{\"@type\":\"WebPage\",\"@id\":\"https:\/\/beyondetfspro.com\/financial-white-papers-articles-blog-post\/\",\"url\":\"https:\/\/beyondetfspro.com\/financial-white-papers-articles-blog-post\/\",\"name\":\"White Papers etc - Beyond ETFs Pro\",\"isPartOf\":{\"@id\":\"https:\/\/beyondetfspro.com\/#website\"},\"datePublished\":\"2023-11-01T11:45:04+00:00\",\"dateModified\":\"2024-11-16T19:26:39+00:00\",\"breadcrumb\":{\"@id\":\"https:\/\/beyondetfspro.com\/financial-white-papers-articles-blog-post\/#breadcrumb\"},\"inLanguage\":\"it-IT\",\"potentialAction\":[{\"@type\":\"ReadAction\",\"target\":[\"https:\/\/beyondetfspro.com\/financial-white-papers-articles-blog-post\/\"]}]},{\"@type\":\"BreadcrumbList\",\"@id\":\"https:\/\/beyondetfspro.com\/financial-white-papers-articles-blog-post\/#breadcrumb\",\"itemListElement\":[{\"@type\":\"ListItem\",\"position\":1,\"name\":\"Home\",\"item\":\"https:\/\/beyondetfspro.com\/\"},{\"@type\":\"ListItem\",\"position\":2,\"name\":\"White Papers etc\"}]},{\"@type\":\"WebSite\",\"@id\":\"https:\/\/beyondetfspro.com\/#website\",\"url\":\"https:\/\/beyondetfspro.com\/\",\"name\":\"Beyond ETFs Pro\",\"description\":\"The future of Investing is here...\",\"publisher\":{\"@id\":\"https:\/\/beyondetfspro.com\/#organization\"},\"potentialAction\":[{\"@type\":\"SearchAction\",\"target\":{\"@type\":\"EntryPoint\",\"urlTemplate\":\"https:\/\/beyondetfspro.com\/?s={search_term_string}\"},\"query-input\":{\"@type\":\"PropertyValueSpecification\",\"valueRequired\":true,\"valueName\":\"search_term_string\"}}],\"inLanguage\":\"it-IT\"},{\"@type\":\"Organization\",\"@id\":\"https:\/\/beyondetfspro.com\/#organization\",\"name\":\"Beyond ETFs Pro\",\"url\":\"https:\/\/beyondetfspro.com\/\",\"logo\":{\"@type\":\"ImageObject\",\"inLanguage\":\"it-IT\",\"@id\":\"https:\/\/beyondetfspro.com\/#\/schema\/logo\/image\/\",\"url\":\"https:\/\/beyondetfspro.com\/wp-content\/uploads\/2023\/11\/logo2.png\",\"contentUrl\":\"https:\/\/beyondetfspro.com\/wp-content\/uploads\/2023\/11\/logo2.png\",\"width\":1024,\"height\":1024,\"caption\":\"Beyond ETFs Pro\"},\"image\":{\"@id\":\"https:\/\/beyondetfspro.com\/#\/schema\/logo\/image\/\"},\"sameAs\":[\"https:\/\/www.linkedin.com\/in\/peterbrockmann\/\",\"https:\/\/www.linkedin.com\/in\/wilfred-brockmann-mba-fin-fcsi-b853621a\/\"]}]}<\/script>\n<!-- \/ Yoast SEO Premium plugin. -->","yoast_head_json":{"title":"White Papers etc - Beyond ETFs Pro","robots":{"index":"index","follow":"follow","max-snippet":"max-snippet:-1","max-image-preview":"max-image-preview:large","max-video-preview":"max-video-preview:-1"},"canonical":"https:\/\/beyondetfspro.com\/it\/financial-white-papers-articles-blog-post\/","og_locale":"it_IT","og_type":"article","og_title":"White Papers etc","og_description":"White papers are free and easy to digest articles of varying lengths, formatted for portability as PDFs: My Investment Process BAT 2021 BrockmannMethodAdvisor_2021 Brockmann_SDF@BeyondETFs BrockmannMethod_121217_ES (1) This book, on the other hand, is a full length narrative. Published in November 2024, Wilfred Brockmann shares his insights on where Investing is headed. The Future of Investing [&hellip;]","og_url":"https:\/\/beyondetfspro.com\/it\/financial-white-papers-articles-blog-post\/","og_site_name":"Beyond ETFs Pro","article_modified_time":"2024-11-16T19:26:39+00:00","twitter_card":"summary_large_image","twitter_misc":{"Tempo di lettura stimato":"2 minuti"},"schema":{"@context":"https:\/\/schema.org","@graph":[{"@type":"WebPage","@id":"https:\/\/beyondetfspro.com\/financial-white-papers-articles-blog-post\/","url":"https:\/\/beyondetfspro.com\/financial-white-papers-articles-blog-post\/","name":"White Papers etc - Beyond ETFs Pro","isPartOf":{"@id":"https:\/\/beyondetfspro.com\/#website"},"datePublished":"2023-11-01T11:45:04+00:00","dateModified":"2024-11-16T19:26:39+00:00","breadcrumb":{"@id":"https:\/\/beyondetfspro.com\/financial-white-papers-articles-blog-post\/#breadcrumb"},"inLanguage":"it-IT","potentialAction":[{"@type":"ReadAction","target":["https:\/\/beyondetfspro.com\/financial-white-papers-articles-blog-post\/"]}]},{"@type":"BreadcrumbList","@id":"https:\/\/beyondetfspro.com\/financial-white-papers-articles-blog-post\/#breadcrumb","itemListElement":[{"@type":"ListItem","position":1,"name":"Home","item":"https:\/\/beyondetfspro.com\/"},{"@type":"ListItem","position":2,"name":"White Papers etc"}]},{"@type":"WebSite","@id":"https:\/\/beyondetfspro.com\/#website","url":"https:\/\/beyondetfspro.com\/","name":"Oltre gli ETF Pro","description":"Il futuro degli investimenti \u00e8 qui...","publisher":{"@id":"https:\/\/beyondetfspro.com\/#organization"},"potentialAction":[{"@type":"SearchAction","target":{"@type":"EntryPoint","urlTemplate":"https:\/\/beyondetfspro.com\/?s={search_term_string}"},"query-input":{"@type":"PropertyValueSpecification","valueRequired":true,"valueName":"search_term_string"}}],"inLanguage":"it-IT"},{"@type":"Organization","@id":"https:\/\/beyondetfspro.com\/#organization","name":"Oltre gli ETF Pro","url":"https:\/\/beyondetfspro.com\/","logo":{"@type":"ImageObject","inLanguage":"it-IT","@id":"https:\/\/beyondetfspro.com\/#\/schema\/logo\/image\/","url":"https:\/\/beyondetfspro.com\/wp-content\/uploads\/2023\/11\/logo2.png","contentUrl":"https:\/\/beyondetfspro.com\/wp-content\/uploads\/2023\/11\/logo2.png","width":1024,"height":1024,"caption":"Beyond ETFs Pro"},"image":{"@id":"https:\/\/beyondetfspro.com\/#\/schema\/logo\/image\/"},"sameAs":["https:\/\/www.linkedin.com\/in\/peterbrockmann\/","https:\/\/www.linkedin.com\/in\/wilfred-brockmann-mba-fin-fcsi-b853621a\/"]}]}},"_links":{"self":[{"href":"https:\/\/beyondetfspro.com\/it\/wp-json\/wp\/v2\/pages\/18","targetHints":{"allow":["GET"]}}],"collection":[{"href":"https:\/\/beyondetfspro.com\/it\/wp-json\/wp\/v2\/pages"}],"about":[{"href":"https:\/\/beyondetfspro.com\/it\/wp-json\/wp\/v2\/types\/page"}],"author":[{"embeddable":true,"href":"https:\/\/beyondetfspro.com\/it\/wp-json\/wp\/v2\/users\/1"}],"replies":[{"embeddable":true,"href":"https:\/\/beyondetfspro.com\/it\/wp-json\/wp\/v2\/comments?post=18"}],"version-history":[{"count":23,"href":"https:\/\/beyondetfspro.com\/it\/wp-json\/wp\/v2\/pages\/18\/revisions"}],"predecessor-version":[{"id":619,"href":"https:\/\/beyondetfspro.com\/it\/wp-json\/wp\/v2\/pages\/18\/revisions\/619"}],"wp:attachment":[{"href":"https:\/\/beyondetfspro.com\/it\/wp-json\/wp\/v2\/media?parent=18"}],"curies":[{"name":"wp","href":"https:\/\/api.w.org\/{rel}","templated":true}]}}